{"id":1275,"date":"2021-10-05T18:33:46","date_gmt":"2021-10-05T21:33:46","guid":{"rendered":"https:\/\/imss-consultores.com\/?page_id=1275"},"modified":"2026-02-03T13:11:22","modified_gmt":"2026-02-03T16:11:22","slug":"soporte-proyectos-geologia-geometalurgia-geotecnia-hidrogeologia-ingenieria-lb","status":"publish","type":"page","link":"https:\/\/imss-consultores.com\/en\/soporte-proyectos-geologia-geometalurgia-geotecnia-hidrogeologia-ingenieria-lb\/","title":{"rendered":"Soporte proyectos: GEOLOG\u00cdA \u2013 GEOMETALURGIA \u2013 GEOTECNIA \u2013 HIDROGEOLOG\u00cdA \u2013 INGENIER\u00cdA LB"},"content":{"rendered":"<p>[et_pb_section fb_built=\u00bb1&#8243; disabled_on=\u00bboff|off|off\u00bb admin_label=\u00bbSection\u00bb module_id=\u00bbsoporte-servicio\u00bb module_class=\u00bbdetalle-servicios\u00bb _builder_version=\u00bb4.11.3&#8243; _module_preset=\u00bbdefault\u00bb custom_padding=\u00bb0px||||false|false\u00bb da_popup_slug=\u00bbsoporte-servicio\u00bb da_disable_devices=\u00bboff|off|off\u00bb global_colors_info=\u00bb{}\u00bb da_is_popup=\u00bboff\u00bb da_exit_intent=\u00bboff\u00bb da_has_close=\u00bbon\u00bb da_alt_close=\u00bboff\u00bb da_dark_close=\u00bboff\u00bb da_not_modal=\u00bbon\u00bb da_is_singular=\u00bboff\u00bb da_with_loader=\u00bboff\u00bb da_has_shadow=\u00bbon\u00bb][et_pb_row _builder_version=\u00bb4.11.3&#8243; _module_preset=\u00bbdefault\u00bb custom_padding=\u00bb0px||||false|false\u00bb collapsed=\u00bboff\u00bb global_colors_info=\u00bb{}\u00bb][et_pb_column type=\u00bb4_4&#8243; _builder_version=\u00bb4.10.5&#8243; _module_preset=\u00bbdefault\u00bb global_colors_info=\u00bb{}\u00bb][et_pb_image src=\u00bbhttps:\/\/imss-consultores.com\/wp-content\/uploads\/2021\/11\/FotoLanding-EVALUACION-_DE-PROYECTOS.jpg\u00bb alt=\u00bbEvaluaci\u00f3n y soporte de proyectos\u00bb title_text=\u00bbEvaluaci\u00f3n y soporte de proyectos\u00bb _builder_version=\u00bb4.11.3&#8243; _module_preset=\u00bbdefault\u00bb global_colors_info=\u00bb{}\u00bb][\/et_pb_image][\/et_pb_column][\/et_pb_row][et_pb_row _builder_version=\u00bb4.10.5&#8243; _module_preset=\u00bbdefault\u00bb collapsed=\u00bboff\u00bb global_colors_info=\u00bb{}\u00bb][et_pb_column type=\u00bb4_4&#8243; _builder_version=\u00bb4.10.5&#8243; _module_preset=\u00bbdefault\u00bb global_colors_info=\u00bb{}\u00bb][et_pb_text module_class=\u00bbtitle-section\u00bb _builder_version=\u00bb4.11.0&#8243; _module_preset=\u00bbdefault\u00bb header_3_text_align=\u00bbcenter\u00bb header_3_text_color=\u00bb#65102d\u00bb global_colors_info=\u00bb{}\u00bb]<\/p>\n<h3><b>PROJECTS EVALUATION AND SUPPORT\n(Geology - Mining - Geometallurgy - Geotechnics - Engineering LB) <\/b><\/h3>\n<p>[\/et_pb_text][et_pb_divider color=\u00bb#BBA02F\u00bb divider_weight=\u00bb4px\u00bb module_class=\u00bbimss-divider\u00bb _builder_version=\u00bb4.10.5&#8243; _module_preset=\u00bbdefault\u00bb width=\u00bb3%\u00bb module_alignment=\u00bbcenter\u00bb global_colors_info=\u00bb{}\u00bb][\/et_pb_divider][et_pb_button button_url=\u00bb@ET-DC@eyJkeW5hbWljIjp0cnVlLCJjb250ZW50IjoicG9zdF9saW5rX3VybF9wYWdlIiwic2V0dGluZ3MiOnsicG9zdF9pZCI6IjczMyJ9fQ==@\u00bb button_text=\u00bbVolver a Servicios\u00bb module_id=\u00bbvolver-soporte\u00bb module_class=\u00bbback-btn-servicios\u00bb _builder_version=\u00bb4.13.0&#8243; _dynamic_attributes=\u00bbbutton_url\u00bb _module_preset=\u00bbdefault\u00bb custom_button=\u00bbon\u00bb button_border_color=\u00bbRGBA(0,0,0,0)\u00bb button_icon=\u00bb&#x44;||divi||400&#8243; button_icon_placement=\u00bbleft\u00bb custom_margin=\u00bb0px|0px|0px|0px|true|true\u00bb custom_padding=\u00bb0px|0px|0px|0px|true|true\u00bb button_bg_color_last_edited=\u00bboff|desktop\u00bb global_module=\u00bb1149&#8243; saved_tabs=\u00bball\u00bb global_colors_info=\u00bb{}\u00bb button_bg_color__hover_enabled=\u00bbon|hover\u00bb button_bg_color__hover=\u00bbRGBA(0,0,0,0)\u00bb button_bg_enable_color__hover=\u00bbon\u00bb][\/et_pb_button][\/et_pb_column][\/et_pb_row][et_pb_row _builder_version=\u00bb4.10.5&#8243; _module_preset=\u00bbdefault\u00bb collapsed=\u00bboff\u00bb global_colors_info=\u00bb{}\u00bb][et_pb_column type=\u00bb4_4&#8243; _builder_version=\u00bb4.10.5&#8243; _module_preset=\u00bbdefault\u00bb global_colors_info=\u00bb{}\u00bb][et_pb_code module_class=\u00bbcerrar-acordion\u00bb _builder_version=\u00bb4.13.1&#8243; _module_preset=\u00bbdefault\u00bb hover_enabled=\u00bb0&#8243; global_colors_info=\u00bb{}\u00bb sticky_enabled=\u00bb0&#8243;]<pee style=\"cursor:pointer;color: #65102d;\" class=\"todo\" onclick=\"cerrarTodo()\">close<\/pee><!-- [et_pb_line_break_holder] --><script><!-- [et_pb_line_break_holder] -->  function cerrarTodo() {<!-- [et_pb_line_break_holder] -->  var todos = document.getElementsByClassName('et_pb_accordion_item');<!-- [et_pb_line_break_holder] -->  var content = document.getElementsByClassName('et_pb_toggle_content'); <!-- [et_pb_line_break_holder] -->  var title = document.getElementsByClassName('title-section');   <!-- [et_pb_line_break_holder] -->  for(var i = 0; i < todos.length; i++) { <!-- [et_pb_line_break_holder] -->  \t\ttodos[i].classList.remove('et_pb_toggle_open');<!-- [et_pb_line_break_holder] -->      todos[i].classList.add('et_pb_toggle_close');<!-- [et_pb_line_break_holder] -->\t\t\tcontent[i].setAttribute(\"style\", \"display: none;\"); <!-- [et_pb_line_break_holder] -->    \t<!-- [et_pb_line_break_holder] -->    \/\/tools[i].classList.add(\"hide-tools\");<!-- [et_pb_line_break_holder] -->    \t\/\/tools[i].classList.remove(\"show-tools\");<!-- [et_pb_line_break_holder] -->  }<!-- [et_pb_line_break_holder] -->  title.scrollIntoView();    <!-- [et_pb_line_break_holder] -->    \/\/todos.classList.remove('et_pb_toggle_open');<!-- [et_pb_line_break_holder] -->  \/\/todos.classList.add('et_pb_toggle_close');  <!-- [et_pb_line_break_holder] -->}<!-- [et_pb_line_break_holder] --><!-- [et_pb_line_break_holder] --><\/script>[\/et_pb_code][et_pb_accordion module_class=\u00bbacordion-planif acordion-servicios\u00bb _builder_version=\u00bb4.11.3&#8243; _module_preset=\u00bbdefault\u00bb global_colors_info=\u00bb{}\u00bb][et_pb_accordion_item title=\u00bbDisciplina: GEOLOG\u00cdA\u00bb open=\u00bbon\u00bb _builder_version=\u00bb4.11.3&#8243; _module_preset=\u00bbdefault\u00bb global_colors_info=\u00bb{}\u00bb]<\/p>\n<ul>\n<li style=\"font-weight: 400;\" aria-level=\"2\"><span style=\"font-weight: 400;\">Services: Geological Models - Estimation of Mineral Resources and Reserves<\/span><\/li>\n<li style=\"font-weight: 400;\" aria-level=\"2\"><span style=\"font-weight: 400;\">Specialized Reports like JORC \u2013 SK1300 \u2013\u00a0NI 43-101<\/span><\/li>\n<li style=\"font-weight: 400;\" aria-level=\"2\"><span style=\"font-weight: 400;\">Regional Geology and Definition of Exploration Stages<\/span><\/li>\n<li style=\"font-weight: 400;\" aria-level=\"2\"><span style=\"font-weight: 400;\">Geometallurgy: Numerical Models\u00a0<\/span><\/li>\n<li style=\"font-weight: 400;\" aria-level=\"2\"><span style=\"font-weight: 400;\">OP &amp; UG Mine Geology and Data Science\u00a0<\/span><\/li>\n<li style=\"font-weight: 400;\" aria-level=\"2\"><span style=\"font-weight: 400;\">Reviews and Audits (High Level Review and Due Diligence)<\/span><\/li>\n<li style=\"font-weight: 400;\" aria-level=\"2\"><span style=\"font-weight: 400;\">Academic Support and Workshops for Companies (Qa \/ Qc; Geometallurgy and Applied Geostatistics; Fundamentals for Mineral Resources).<\/span><\/li>\n<\/ul>\n<p>[\/et_pb_accordion_item][et_pb_accordion_item title=\u00bbDisciplina: GEOTECNIA &#038; GEOMEC\u00c1NICA\u00bb _builder_version=\u00bb4.11.3&#8243; _module_preset=\u00bbdefault\u00bb global_colors_info=\u00bb{}\u00bb open=\u00bboff\u00bb]<\/p>\n<ul>\n<li style=\"font-weight: 400;\" aria-level=\"2\"><span style=\"font-weight: 400;\">Services: <\/span><i><span style=\"font-weight: 400;\">Design of open pit slopes. Levels of conceptual studies, pre-feasibility, feasibility, operations and closure<\/span><\/i><\/li>\n<ul>\n<li style=\"font-weight: 400; list-style-type: circle;\" aria-level=\"3\"><span style=\"font-weight: 400;\">Geotechnical research and laboratory testing program.<\/span><\/li>\n<li style=\"font-weight: 400; list-style-type: circle;\" aria-level=\"3\"><span style=\"font-weight: 400;\">Geotechnical modeling (geological, structural, rock mass and hydrogeological model).<\/span><\/li>\n<li style=\"font-weight: 400; list-style-type: circle;\" aria-level=\"3\"><span style=\"font-weight: 400;\">Structural and resistance domain - Structural Analysis and Kinematic Analysis.<\/span><\/li>\n<li style=\"font-weight: 400; list-style-type: circle;\" aria-level=\"3\"><span style=\"font-weight: 400;\">Rock mass analysis: limit equilibrium method.<\/span><\/li>\n<li style=\"font-weight: 400; list-style-type: circle;\" aria-level=\"3\"><span style=\"font-weight: 400;\">Sensitivity analysis of inter-ramp slopes and Generation of geotechnical sectors.<\/span><\/li>\n<li style=\"font-weight: 400; list-style-type: circle;\" aria-level=\"3\"><span style=\"font-weight: 400;\">Slope monitoring and geotechnical risk assessment program.<\/span><\/li>\n<\/ul>\n<\/ul>\n<p>&nbsp;<\/p>\n<ul>\n<li style=\"font-weight: 400;\" aria-level=\"1\"><i><span style=\"font-weight: 400;\">Stability analysis development<\/span><\/i><\/li>\n<ul>\n<li style=\"font-weight: 400; list-style-type: circle;\" aria-level=\"3\"><i><span style=\"font-weight: 400;\">It includes stability analysis in the waste rock deposit, tailings dam, leach pads, foundations of process plants. Levels of conceptual studies, pre-feasibility, feasibility, operations and closure.<\/span><\/i><\/li>\n<li style=\"font-weight: 400; list-style-type: circle;\" aria-level=\"3\"><i><span style=\"font-weight: 400;\">Geotechnical research and laboratory testing program.\u00a0<\/span><\/i><\/li>\n<li style=\"font-weight: 400; list-style-type: circle;\" aria-level=\"3\"><i><span style=\"font-weight: 400;\">Physical stability analysis.<\/span><\/i><\/li>\n<li style=\"font-weight: 400; list-style-type: circle;\" aria-level=\"3\"><i><span style=\"font-weight: 400;\">Mining infrastructure foundation analysis.<\/span><\/i><\/li>\n<li style=\"font-weight: 400; list-style-type: circle;\" aria-level=\"3\"><i><span style=\"font-weight: 400;\">Slope monitoring program.<\/span><\/i><\/li>\n<\/ul>\n<\/ul>\n<p>&nbsp;<\/p>\n<ul>\n<li style=\"font-weight: 400;\" aria-level=\"1\"><i><span style=\"font-weight: 400;\">UNDERGROUND GEOMECHANICS<\/span><\/i><\/li>\n<\/ul>\n<ul>\n<ul>\n<li style=\"font-weight: 400; list-style-type: circle;\" aria-level=\"3\"><span style=\"font-weight: 400;\">Geotechnical research and laboratory testing program.<\/span><\/li>\n<li style=\"font-weight: 400; list-style-type: circle;\" aria-level=\"3\"><span style=\"font-weight: 400;\">Interpretation and structural analysis.<\/span><\/li>\n<li style=\"font-weight: 400; list-style-type: circle;\" aria-level=\"3\"><span style=\"font-weight: 400;\">Geotechnical modeling (geological, structural, rock mass and hydrogeological model).<\/span><\/li>\n<li style=\"font-weight: 400; list-style-type: circle;\" aria-level=\"3\"><span style=\"font-weight: 400;\">Geomechanical zoning<\/span><\/li>\n<li style=\"font-weight: 400; list-style-type: circle;\" aria-level=\"3\"><span style=\"font-weight: 400;\">Underground stability analysis.<\/span><\/li>\n<\/ul>\n<\/ul>\n<p>[\/et_pb_accordion_item][et_pb_accordion_item title=\u00bbDisciplina: HIDROGEOLOG\u00cdA\u00bb _builder_version=\u00bb4.11.3&#8243; _module_preset=\u00bbdefault\u00bb global_colors_info=\u00bb{}\u00bb open=\u00bboff\u00bb]<\/p>\n<ul style=\"padding-bottom: 0;\">\n<li style=\"font-weight: 400;\" aria-level=\"1\"><span style=\"font-weight: 400;\">Obtaining permits, authorizations and licenses for the use of groundwater from Government Entities.<\/span><\/li>\n<li style=\"font-weight: 400;\" aria-level=\"1\"><span style=\"font-weight: 400;\">Research and evaluation of hydrogeological resources as a component of baseline studies, environmental impact, rehabilitation, closure and post-closure.<\/span><\/li>\n<li style=\"font-weight: 400;\" aria-level=\"1\"><span style=\"font-weight: 400;\">Development of hydrogeology workshops for the communities involved in mining projects, in Spanish and Quechua, as a basis for the presentations and approval of Public Hearings.<\/span><\/li>\n<li style=\"font-weight: 400;\" aria-level=\"1\"><span style=\"font-weight: 400;\">Geophysical investigation for the identification of hydrogeological resources and evaluations of karst hydrogeology.<\/span><\/li>\n<li style=\"font-weight: 400;\" aria-level=\"1\"><span style=\"font-weight: 400;\">Exploration and evaluation of groundwater for sustainable supply and\/or mine drainage.<\/span><\/li>\n<li style=\"font-weight: 400;\" aria-level=\"1\"><span style=\"font-weight: 400;\">Mine and processing plant water balance.<\/span><\/li>\n<li style=\"font-weight: 400;\" aria-level=\"1\"><span style=\"font-weight: 400;\">Development of conceptual model and numerical modeling of transport and flow.<\/span><\/li>\n<li style=\"font-weight: 400;\" aria-level=\"1\"><span style=\"font-weight: 400;\">Aquifers management and monitoring in industrial and mining areas.<\/span><\/li>\n<li style=\"font-weight: 400;\" aria-level=\"1\"><span style=\"font-weight: 400;\">Research and management control for extraction, storage, recharge and recovery of aquifers.<\/span><\/li>\n<li style=\"font-weight: 400;\" aria-level=\"1\"><span style=\"font-weight: 400;\">Mine closure evaluations, both for open pits, underground workings, waste dumps, tailings and other infrastructures.<\/span><\/li>\n<li style=\"font-weight: 400;\" aria-level=\"1\"><span style=\"font-weight: 400;\">Hydrology<\/span><\/li>\n<ul style=\"margin-top: 0; list-style: circle; padding-bottom: 0;\">\n<li style=\"font-weight: 400;\" aria-level=\"3\"><i><span style=\"font-weight: 400;\">Upper and lower basin systems hydrological analysis.<\/span><\/i><\/li>\n<li style=\"font-weight: 400;\" aria-level=\"3\"><i><span style=\"font-weight: 400;\">Evaluaci\u00f3n de suministro de aguas superficiales.<\/span><\/i><\/li>\n<li style=\"font-weight: 400;\" aria-level=\"3\"><i><span style=\"font-weight: 400;\">Evaluation of sustainability and hydrological impacts.<\/span><\/i><\/li>\n<li style=\"font-weight: 400;\" aria-level=\"3\"><i><span style=\"font-weight: 400;\">Surface water calculation and balance.<\/span><\/i><\/li>\n<li style=\"font-weight: 400;\" aria-level=\"3\"><i><span style=\"font-weight: 400;\">Development of conceptual models and numerical models based on availability analysis and water management.<\/span><\/i><\/li>\n<\/ul>\n<li style=\"font-weight: 400;\" aria-level=\"1\"><span style=\"font-weight: 400;\">Hydrogeochemical<\/span><\/li>\n<li style=\"font-weight: 400;\" aria-level=\"1\"><span style=\"font-weight: 400;\">Environment and Permits<\/span><\/li>\n<li style=\"font-weight: 400;\" aria-level=\"1\"><span style=\"font-weight: 400;\">Risk workshops and applications.<\/span><\/li>\n<\/ul>\n<p>[\/et_pb_accordion_item][et_pb_accordion_item title=\u00bbDisciplina: INGENIERIA DENTRO DEL TAJO\u00bb _builder_version=\u00bb4.11.3&#8243; _module_preset=\u00bbdefault\u00bb global_colors_info=\u00bb{}\u00bb open=\u00bboff\u00bb]<\/p>\n<ul>\n<li style=\"font-weight: 400;\" aria-level=\"2\"><span style=\"font-weight: 400;\">Signed documents; Calculation Memory; Blueprints; Process and single-line diagrams of:<\/span><\/li>\n<ul>\n<li style=\"font-weight: 400; list-style-type: circle;\" aria-level=\"3\"><span style=\"font-weight: 400;\">Civil Engineering<\/span><\/li>\n<li style=\"font-weight: 400; list-style-type: circle;\" aria-level=\"3\"><span style=\"font-weight: 400;\">Soil Geomechanics<\/span><\/li>\n<li style=\"font-weight: 400; list-style-type: circle;\" aria-level=\"3\"><span style=\"font-weight: 400;\">Electromechanical Engineering<\/span><\/li>\n<li style=\"font-weight: 400; list-style-type: circle;\" aria-level=\"3\"><span style=\"font-weight: 400;\">Ingenier\u00eda de Geomensura<\/span><\/li>\n<li style=\"font-weight: 400; list-style-type: circle;\" aria-level=\"3\"><span style=\"font-weight: 400;\">Surface and subsurface water pumping piping engineering<\/span><\/li>\n<li style=\"font-weight: 400; list-style-type: circle;\" aria-level=\"3\"><span style=\"font-weight: 400;\">Electrical power engineering<\/span><\/li>\n<li style=\"font-weight: 400; list-style-type: circle;\" aria-level=\"3\"><span style=\"font-weight: 400;\">Planimetry development and generation of blueprints in autocad or other software<\/span><\/li>\n<\/ul>\n<\/ul>\n<p>[\/et_pb_accordion_item][\/et_pb_accordion][et_pb_code _builder_version=\u00bb4.10.5&#8243; _module_preset=\u00bbdefault\u00bb hover_enabled=\u00bb0&#8243; global_colors_info=\u00bb{}\u00bb sticky_enabled=\u00bb0&#8243;]<!-- [et_pb_line_break_holder] --><\/p>\n<style><!-- [et_pb_line_break_holder] -->  li [aria-level=\"2\"] {<!-- [et_pb_line_break_holder] -->        list-style: armenian;<!-- [et_pb_line_break_holder] -->  }<!-- [et_pb_line_break_holder] -->  h4\t{text-align:center;}<!-- [et_pb_line_break_holder] -->  .et_pb_toggle_open .et_pb_toggle_title {background-color: #65102d;padding: 16px !important;color: #fff !important;}<!-- [et_pb_line_break_holder] -->  ul {margin-top:1em;}<!-- [et_pb_line_break_holder] --><\/style>\n<p>[\/et_pb_code][\/et_pb_column][\/et_pb_row][\/et_pb_section][et_pb_section fb_built=\u00bb1&#8243; admin_label=\u00bbSection\u00bb module_id=\u00bbcontacto\u00bb module_class=\u00bbcontact-section\u00bb _builder_version=\u00bb4.11.3&#8243; _module_preset=\u00bbdefault\u00bb background_color=\u00bb#ececec\u00bb top_divider_style=\u00bbslant\u00bb top_divider_color=\u00bb#FFFFFF\u00bb top_divider_height=\u00bb56px\u00bb top_divider_flip=\u00bbhorizontal\u00bb da_popup_slug=\u00bbcontacto\u00bb da_disable_devices=\u00bboff|off|off\u00bb global_module=\u00bb895&#8243; saved_tabs=\u00bball\u00bb global_colors_info=\u00bb{}\u00bb da_is_popup=\u00bboff\u00bb da_exit_intent=\u00bboff\u00bb da_has_close=\u00bbon\u00bb da_alt_close=\u00bboff\u00bb da_dark_close=\u00bboff\u00bb da_not_modal=\u00bbon\u00bb da_is_singular=\u00bboff\u00bb da_with_loader=\u00bboff\u00bb da_has_shadow=\u00bbon\u00bb][et_pb_row _builder_version=\u00bb4.10.5&#8243; _module_preset=\u00bbdefault\u00bb global_colors_info=\u00bb{}\u00bb][et_pb_column type=\u00bb4_4&#8243; _builder_version=\u00bb4.10.5&#8243; _module_preset=\u00bbdefault\u00bb global_colors_info=\u00bb{}\u00bb][et_pb_text module_class=\u00bbtitle-section\u00bb _builder_version=\u00bb4.10.5&#8243; _module_preset=\u00bbdefault\u00bb header_3_text_align=\u00bbcenter\u00bb header_3_text_color=\u00bb#65102d\u00bb global_colors_info=\u00bb{}\u00bb]<\/p>\n<h3>SEND US A MESSAGE<\/h3>\n<p>[\/et_pb_text][et_pb_divider color=\u00bb#BBA02F\u00bb divider_weight=\u00bb4px\u00bb module_class=\u00bbimss-divider\u00bb _builder_version=\u00bb4.10.5&#8243; _module_preset=\u00bbdefault\u00bb width=\u00bb3%\u00bb module_alignment=\u00bbcenter\u00bb global_colors_info=\u00bb{}\u00bb][\/et_pb_divider][\/et_pb_column][\/et_pb_row][et_pb_row _builder_version=\u00bb4.10.5&#8243; _module_preset=\u00bbdefault\u00bb global_colors_info=\u00bb{}\u00bb][et_pb_column type=\u00bb4_4&#8243; _builder_version=\u00bb4.10.5&#8243; _module_preset=\u00bbdefault\u00bb global_colors_info=\u00bb{}\u00bb][et_pb_contact_form captcha=\u00bboff\u00bb submit_button_text=\u00bbENVIAR\u00bb _builder_version=\u00bb4.13.1&#8243; _module_preset=\u00bbdefault\u00bb _unique_id=\u00bba3c4b7b7-a81e-4af0-8bff-80a8a1d2d479&#8243; form_field_background_color=\u00bb#FFFFFF\u00bb form_field_text_color=\u00bb#65102d\u00bb form_field_focus_background_color=\u00bbrgba(101,16,45,0.12)\u00bb form_field_focus_text_color=\u00bb#65102D\u00bb custom_button=\u00bbon\u00bb button_border_width=\u00bb0px\u00bb button_border_color=\u00bb#bba02f\u00bb button_use_icon=\u00bboff\u00bb global_colors_info=\u00bb{}\u00bb][et_pb_contact_field field_id=\u00bbName\u00bb field_title=\u00bbNombre\u00bb _builder_version=\u00bb4.10.5&#8243; form_field_text_color=\u00bb#65102D\u00bb form_field_focus_text_color=\u00bb#65102D\u00bb global_colors_info=\u00bb{}\u00bb button_text_size__hover_enabled=\u00bboff\u00bb button_one_text_size__hover_enabled=\u00bboff\u00bb button_two_text_size__hover_enabled=\u00bboff\u00bb button_text_color__hover_enabled=\u00bboff\u00bb button_one_text_color__hover_enabled=\u00bboff\u00bb button_two_text_color__hover_enabled=\u00bboff\u00bb button_border_width__hover_enabled=\u00bboff\u00bb button_one_border_width__hover_enabled=\u00bboff\u00bb button_two_border_width__hover_enabled=\u00bboff\u00bb button_border_color__hover_enabled=\u00bboff\u00bb button_one_border_color__hover_enabled=\u00bboff\u00bb button_two_border_color__hover_enabled=\u00bboff\u00bb button_border_radius__hover_enabled=\u00bboff\u00bb button_one_border_radius__hover_enabled=\u00bboff\u00bb button_two_border_radius__hover_enabled=\u00bboff\u00bb button_letter_spacing__hover_enabled=\u00bboff\u00bb button_one_letter_spacing__hover_enabled=\u00bboff\u00bb button_two_letter_spacing__hover_enabled=\u00bboff\u00bb button_bg_color__hover_enabled=\u00bboff\u00bb button_one_bg_color__hover_enabled=\u00bboff\u00bb button_two_bg_color__hover_enabled=\u00bboff\u00bb][\/et_pb_contact_field][et_pb_contact_field field_id=\u00bbapellido\u00bb field_title=\u00bbApellidos\u00bb _builder_version=\u00bb4.10.5&#8243; _module_preset=\u00bbdefault\u00bb global_colors_info=\u00bb{}\u00bb][\/et_pb_contact_field][et_pb_contact_field field_id=\u00bbEmail\u00bb field_title=\u00bbCorreo electr\u00f3nico\u00bb field_type=\u00bbemail\u00bb fullwidth_field=\u00bbon\u00bb _builder_version=\u00bb4.10.5&#8243; global_colors_info=\u00bb{}\u00bb button_text_size__hover_enabled=\u00bboff\u00bb button_one_text_size__hover_enabled=\u00bboff\u00bb button_two_text_size__hover_enabled=\u00bboff\u00bb button_text_color__hover_enabled=\u00bboff\u00bb button_one_text_color__hover_enabled=\u00bboff\u00bb button_two_text_color__hover_enabled=\u00bboff\u00bb button_border_width__hover_enabled=\u00bboff\u00bb button_one_border_width__hover_enabled=\u00bboff\u00bb button_two_border_width__hover_enabled=\u00bboff\u00bb button_border_color__hover_enabled=\u00bboff\u00bb button_one_border_color__hover_enabled=\u00bboff\u00bb button_two_border_color__hover_enabled=\u00bboff\u00bb button_border_radius__hover_enabled=\u00bboff\u00bb button_one_border_radius__hover_enabled=\u00bboff\u00bb button_two_border_radius__hover_enabled=\u00bboff\u00bb button_letter_spacing__hover_enabled=\u00bboff\u00bb button_one_letter_spacing__hover_enabled=\u00bboff\u00bb button_two_letter_spacing__hover_enabled=\u00bboff\u00bb button_bg_color__hover_enabled=\u00bboff\u00bb button_one_bg_color__hover_enabled=\u00bboff\u00bb button_two_bg_color__hover_enabled=\u00bboff\u00bb][\/et_pb_contact_field][et_pb_contact_field field_id=\u00bbMessage\u00bb field_title=\u00bbConsulta\u00bb field_type=\u00bbtext\u00bb fullwidth_field=\u00bbon\u00bb _builder_version=\u00bb4.10.5&#8243; global_colors_info=\u00bb{}\u00bb button_text_size__hover_enabled=\u00bboff\u00bb button_one_text_size__hover_enabled=\u00bboff\u00bb button_two_text_size__hover_enabled=\u00bboff\u00bb button_text_color__hover_enabled=\u00bboff\u00bb button_one_text_color__hover_enabled=\u00bboff\u00bb button_two_text_color__hover_enabled=\u00bboff\u00bb button_border_width__hover_enabled=\u00bboff\u00bb button_one_border_width__hover_enabled=\u00bboff\u00bb button_two_border_width__hover_enabled=\u00bboff\u00bb button_border_color__hover_enabled=\u00bboff\u00bb button_one_border_color__hover_enabled=\u00bboff\u00bb button_two_border_color__hover_enabled=\u00bboff\u00bb button_border_radius__hover_enabled=\u00bboff\u00bb button_one_border_radius__hover_enabled=\u00bboff\u00bb button_two_border_radius__hover_enabled=\u00bboff\u00bb button_letter_spacing__hover_enabled=\u00bboff\u00bb button_one_letter_spacing__hover_enabled=\u00bboff\u00bb button_two_letter_spacing__hover_enabled=\u00bboff\u00bb button_bg_color__hover_enabled=\u00bboff\u00bb button_one_bg_color__hover_enabled=\u00bboff\u00bb button_two_bg_color__hover_enabled=\u00bboff\u00bb][\/et_pb_contact_field][\/et_pb_contact_form][\/et_pb_column][\/et_pb_row][\/et_pb_section]<\/p>","protected":false},"excerpt":{"rendered":"<p>SOPORTE PROYECTOS: GEOLOG\u00cdA \u2013 GEOMETALURGIA \u2013 GEOTECNIA \u2013 HIDROGEOLOG\u00cdA \u2013 INGENIER\u00cdA LB Servicios: Modelos Geol\u00f3gicos \u2013 Estimaci\u00f3n de Recursos y Reservas minerales Reportes Especializados Tipo\u00a0JORC &#8211; SK1300 &#8211;\u00a0NI 43-101 Geolog\u00eda Regional y Definici\u00f3n de Etapas de Exploraciones Geometalurgia: Modelos Num\u00e9ricos\u00a0 Geolog\u00eda de Minas OP &amp; UG y Data Science\u00a0 Revisiones y Auditor\u00edas (High Level Review [&hellip;]<\/p>","protected":false},"author":1,"featured_media":0,"parent":0,"menu_order":0,"comment_status":"closed","ping_status":"closed","template":"","meta":{"_et_pb_use_builder":"on","_et_pb_old_content":"","_et_gb_content_width":"","footnotes":""},"class_list":["post-1275","page","type-page","status-publish","hentry"],"_links":{"self":[{"href":"https:\/\/imss-consultores.com\/en\/wp-json\/wp\/v2\/pages\/1275","targetHints":{"allow":["GET"]}}],"collection":[{"href":"https:\/\/imss-consultores.com\/en\/wp-json\/wp\/v2\/pages"}],"about":[{"href":"https:\/\/imss-consultores.com\/en\/wp-json\/wp\/v2\/types\/page"}],"author":[{"embeddable":true,"href":"https:\/\/imss-consultores.com\/en\/wp-json\/wp\/v2\/users\/1"}],"replies":[{"embeddable":true,"href":"https:\/\/imss-consultores.com\/en\/wp-json\/wp\/v2\/comments?post=1275"}],"version-history":[{"count":32,"href":"https:\/\/imss-consultores.com\/en\/wp-json\/wp\/v2\/pages\/1275\/revisions"}],"predecessor-version":[{"id":2277,"href":"https:\/\/imss-consultores.com\/en\/wp-json\/wp\/v2\/pages\/1275\/revisions\/2277"}],"wp:attachment":[{"href":"https:\/\/imss-consultores.com\/en\/wp-json\/wp\/v2\/media?parent=1275"}],"curies":[{"name":"wp","href":"https:\/\/api.w.org\/{rel}","templated":true}]}}