{"id":1552,"date":"2021-10-19T19:37:48","date_gmt":"2021-10-19T22:37:48","guid":{"rendered":"https:\/\/imss-consultores.com\/?page_id=1552"},"modified":"2026-02-03T13:10:34","modified_gmt":"2026-02-03T16:10:34","slug":"diseno-de-fases-inti-mining-smart-solutions","status":"publish","type":"page","link":"https:\/\/imss-consultores.com\/en\/diseno-de-fases-inti-mining-smart-solutions\/","title":{"rendered":"PHASES DESIGN"},"content":{"rendered":"<p>[et_pb_section fb_built=\u00bb1&#8243; admin_label=\u00bbSection\u00bb module_class=\u00bbdetalle-herramientas\u00bb _builder_version=\u00bb4.11.3&#8243; _module_preset=\u00bbdefault\u00bb custom_padding=\u00bb0px||||false|false\u00bb da_disable_devices=\u00bboff|off|off\u00bb global_colors_info=\u00bb{}\u00bb da_is_popup=\u00bboff\u00bb da_exit_intent=\u00bboff\u00bb da_has_close=\u00bbon\u00bb da_alt_close=\u00bboff\u00bb da_dark_close=\u00bboff\u00bb da_not_modal=\u00bbon\u00bb da_is_singular=\u00bboff\u00bb da_with_loader=\u00bboff\u00bb da_has_shadow=\u00bbon\u00bb][et_pb_row disabled_on=\u00bbon|on|on\u00bb _builder_version=\u00bb4.11.3&#8243; _module_preset=\u00bbdefault\u00bb custom_padding=\u00bb0px||||false|false\u00bb disabled=\u00bbon\u00bb global_colors_info=\u00bb{}\u00bb][et_pb_column type=\u00bb4_4&#8243; _builder_version=\u00bb4.10.5&#8243; _module_preset=\u00bbdefault\u00bb global_colors_info=\u00bb{}\u00bb][et_pb_image src=\u00bbhttps:\/\/imss-consultores.com\/wp-content\/uploads\/2021\/10\/bannerHerramienta-DISENO-FASES_detalle.jpg\u00bb alt=\u00bbIMSS &#8211; Herramientas &#8211; Dise\u00f1o de Fases\u00bb title_text=\u00bbIMSS &#8211; Herramientas &#8211; Dise\u00f1o de Fases\u00bb _builder_version=\u00bb4.11.3&#8243; _module_preset=\u00bbdefault\u00bb global_colors_info=\u00bb{}\u00bb][\/et_pb_image][\/et_pb_column][\/et_pb_row][et_pb_row module_class=\u00bbrow-detalle-tool\u00bb _builder_version=\u00bb4.11.3&#8243; _module_preset=\u00bbdefault\u00bb global_colors_info=\u00bb{}\u00bb][et_pb_column type=\u00bb4_4&#8243; _builder_version=\u00bb4.10.5&#8243; _module_preset=\u00bbdefault\u00bb global_colors_info=\u00bb{}\u00bb][et_pb_button button_url=\u00bb@ET-DC@eyJkeW5hbWljIjp0cnVlLCJjb250ZW50IjoicG9zdF9saW5rX3VybF9wYWdlIiwic2V0dGluZ3MiOnsicG9zdF9pZCI6Ijc2OCJ9fQ==@\u00bb button_text=\u00bbVolver a Herramientas\u00bb module_class=\u00bbbtn-back-herramientas\u00bb _builder_version=\u00bb4.13.0&#8243; _dynamic_attributes=\u00bbbutton_url\u00bb _module_preset=\u00bbdefault\u00bb custom_button=\u00bbon\u00bb button_border_color=\u00bbRGBA(0,0,0,0)\u00bb button_icon=\u00bb&#x44;||divi||400&#8243; button_icon_placement=\u00bbleft\u00bb z_index=\u00bb-1&#8243; custom_margin=\u00bb0px|0px|0px|0px|true|true\u00bb custom_padding=\u00bb0px|0px|0px|0px|true|true\u00bb button_bg_color_last_edited=\u00bboff|desktop\u00bb custom_css_main_element=\u00bbmargin-top:0;\u00bb saved_tabs=\u00bball\u00bb global_colors_info=\u00bb{}\u00bb button_bg_color__hover_enabled=\u00bbon|hover\u00bb button_bg_color__hover=\u00bbRGBA(0,0,0,0)\u00bb button_bg_enable_color__hover=\u00bbon\u00bb][\/et_pb_button][et_pb_text module_class=\u00bbtitle-section\u00bb _builder_version=\u00bb4.11.3&#8243; _module_preset=\u00bbdefault\u00bb header_3_text_align=\u00bbcenter\u00bb header_3_text_color=\u00bb#65102d\u00bb global_colors_info=\u00bb{}\u00bb]<\/p>\n<h3>PHASES DESIGN<\/h3>\n<p>[\/et_pb_text][et_pb_divider color=\u00bb#BBA02F\u00bb divider_weight=\u00bb4px\u00bb module_class=\u00bbimss-divider\u00bb _builder_version=\u00bb4.10.5&#8243; _module_preset=\u00bbdefault\u00bb width=\u00bb3%\u00bb module_alignment=\u00bbcenter\u00bb global_colors_info=\u00bb{}\u00bb][\/et_pb_divider][et_pb_text module_class=\u00bbintro-tool\u00bb _builder_version=\u00bb4.11.3&#8243; _module_preset=\u00bbdefault\u00bb width=\u00bb80%\u00bb module_alignment=\u00bbcenter\u00bb global_colors_info=\u00bb{}\u00bb]<\/p>\n<p style=\"text-align: center;\"><span style=\"font-weight: 400;\">We have extensive experience and know-how in the use of software tools for a correct Phase Design, such as Q'pit<span class=\"copyizq\">\u00a9<\/span>, Minero<span class=\"copyizq\">\u00a9<\/span>, Surpac<span class=\"copyizq\">\u00a9<\/span>, Minesight<span class=\"copyizq\">\u00a9<\/span>, Vulcan<span class=\"copyizq\">\u00a9<\/span> y Datamine\/5D Planner<span class=\"copyizq\">\u00a9<\/span>.<\/span><\/p>\n<p>[\/et_pb_text][et_pb_video src=\u00bbhttps:\/\/www.youtube.com\/watch?v=pFm0IT5wsX4&#8243; _builder_version=\u00bb4.11.3&#8243; _module_preset=\u00bbdefault\u00bb width=\u00bb86%\u00bb module_alignment=\u00bbcenter\u00bb global_colors_info=\u00bb{}\u00bb][\/et_pb_video][\/et_pb_column][\/et_pb_row][et_pb_row _builder_version=\u00bb4.11.0&#8243; _module_preset=\u00bbdefault\u00bb global_colors_info=\u00bb{}\u00bb][et_pb_column type=\u00bb4_4&#8243; _builder_version=\u00bb4.10.5&#8243; _module_preset=\u00bbdefault\u00bb global_colors_info=\u00bb{}\u00bb][et_pb_text module_class=\u00bbnombre-herramienta-detalle\u00bb _builder_version=\u00bb4.14.0&#8243; _module_preset=\u00bbdefault\u00bb background_color=\u00bbgcid-b97d0e36-42ee-4ce3-89f4-403d866dd5ba\u00bb custom_padding=\u00bb||||true|false\u00bb hover_enabled=\u00bb0&#8243; custom_css_main_element=\u00bbpadding:2%;\u00bb global_colors_info=\u00bb{%22gcid-b97d0e36-42ee-4ce3-89f4-403d866dd5ba%22:%91%22background_color%22%93}\u00bb sticky_enabled=\u00bb0&#8243;]<\/p>\n<h4 style=\"padding-bottom: 0;\">Q&#8217;Pit<\/h4>\n<p>[\/et_pb_text][et_pb_text _builder_version=\u00bb4.11.3&#8243; _module_preset=\u00bbdefault\u00bb custom_css_main_element=\u00bbpadding:0 2%;\u00bb global_colors_info=\u00bb{}\u00bb]<\/p>\n<p><b>What does Q\u2019Pit allow?<\/b><\/p>\n<ul>\n<li style=\"font-weight: 400; text-align: justify;\" aria-level=\"1\"><span style=\"font-weight: 400;\">Design the Final Pit and the midline phases. The design methodology consists of the \u201cThinking-Doing\u201d philosophy, in which the engineer spends most of the time thinking about new design and optimization strategies and is less concerned with setting and using the tool itself.<\/span><\/li>\n<li style=\"font-weight: 400; text-align: justify;\" aria-level=\"1\"><span style=\"font-weight: 400;\">Carry out detailed mining plans. The plans are generated manually following the Cut Law directive of an Optimization Plan.<\/span><\/li>\n<\/ul>\n<p><b>Why use Q\u2019Pit?<\/b><\/p>\n<p style=\"text-align: justify;\"><span style=\"font-weight: 400;\">One of the most critical processes in mine sizing is analyzing multiple phase sets with different mine and plant capacities. This means that a good part of the time has to be spent in designing different exploitation scenarios with different types of phases and with different strategies.<\/span><\/p>\n<p style=\"text-align: justify;\"><span style=\"font-weight: 400;\">To achieve this goal, you need a tool that provides semi-automatic control to the engineer, but is still powerful and fast and does not waste time setting up. Q\u2019Pit provides process control and, through design, the engineer can understand the reservoir and guide the strategy in a traceable way. Thus, there is no question that the engineer does not know how to answer.<\/span><\/p>\n<p style=\"text-align: justify;\"><span style=\"font-weight: 400;\">Each decision taken (ramps, switch-back, etc.) corresponds to a cost-benefit analysis carried out by the engineer, who, at no time, ceases to take absolute control.<\/span><\/p>\n<p>[\/et_pb_text][\/et_pb_column][\/et_pb_row][\/et_pb_section][et_pb_section fb_built=\u00bb1&#8243; admin_label=\u00bbSection\u00bb module_id=\u00bbcontacto\u00bb module_class=\u00bbcontact-section\u00bb _builder_version=\u00bb4.11.3&#8243; _module_preset=\u00bbdefault\u00bb background_color=\u00bb#ececec\u00bb top_divider_style=\u00bbslant\u00bb top_divider_color=\u00bb#FFFFFF\u00bb top_divider_height=\u00bb56px\u00bb top_divider_flip=\u00bbhorizontal\u00bb da_popup_slug=\u00bbcontacto\u00bb da_disable_devices=\u00bboff|off|off\u00bb global_module=\u00bb895&#8243; saved_tabs=\u00bball\u00bb global_colors_info=\u00bb{}\u00bb da_is_popup=\u00bboff\u00bb da_exit_intent=\u00bboff\u00bb da_has_close=\u00bbon\u00bb da_alt_close=\u00bboff\u00bb da_dark_close=\u00bboff\u00bb da_not_modal=\u00bbon\u00bb da_is_singular=\u00bboff\u00bb da_with_loader=\u00bboff\u00bb da_has_shadow=\u00bbon\u00bb][et_pb_row _builder_version=\u00bb4.10.5&#8243; _module_preset=\u00bbdefault\u00bb global_colors_info=\u00bb{}\u00bb][et_pb_column type=\u00bb4_4&#8243; _builder_version=\u00bb4.10.5&#8243; _module_preset=\u00bbdefault\u00bb global_colors_info=\u00bb{}\u00bb][et_pb_text module_class=\u00bbtitle-section\u00bb _builder_version=\u00bb4.10.5&#8243; _module_preset=\u00bbdefault\u00bb header_3_text_align=\u00bbcenter\u00bb header_3_text_color=\u00bb#65102d\u00bb global_colors_info=\u00bb{}\u00bb]<\/p>\n<h3>SEND US A MESSAGE<\/h3>\n<p>[\/et_pb_text][et_pb_divider color=\u00bb#BBA02F\u00bb divider_weight=\u00bb4px\u00bb admin_label=\u00bbSeparador\u00bb module_class=\u00bbimss-divider\u00bb _builder_version=\u00bb4.10.5&#8243; _module_preset=\u00bbdefault\u00bb width=\u00bb3%\u00bb module_alignment=\u00bbcenter\u00bb global_colors_info=\u00bb{}\u00bb][\/et_pb_divider][\/et_pb_column][\/et_pb_row][et_pb_row _builder_version=\u00bb4.10.5&#8243; _module_preset=\u00bbdefault\u00bb global_colors_info=\u00bb{}\u00bb][et_pb_column type=\u00bb4_4&#8243; _builder_version=\u00bb4.10.5&#8243; _module_preset=\u00bbdefault\u00bb global_colors_info=\u00bb{}\u00bb][et_pb_contact_form captcha=\u00bboff\u00bb email=\u00bbcontacto@imss-consultores.com\u00bb custom_message=\u00bbNuevo contacto de %%name%% %%apellido%% (%%Email%%).  ||et_pb_line_break_holder||Contenido del mensaje: %%Message%%.\u00bb use_redirect=\u00bbon\u00bb redirect_url=\u00bbhttps:\/\/imss-consultores.com\u00bb success_message=\u00bbMensaje enviado. Nos pondremos en contacto a la brevedad. Gracias.\u00bb submit_button_text=\u00bbENVIAR\u00bb _builder_version=\u00bb4.13.1&#8243; _module_preset=\u00bbdefault\u00bb _unique_id=\u00bb7e96d49c-a56e-4887-a222-457a4a5c446e\u00bb form_field_background_color=\u00bb#FFFFFF\u00bb form_field_text_color=\u00bb#65102d\u00bb form_field_focus_background_color=\u00bbrgba(101,16,45,0.12)\u00bb form_field_focus_text_color=\u00bb#65102D\u00bb custom_button=\u00bbon\u00bb button_border_width=\u00bb0px\u00bb button_border_color=\u00bb#bba02f\u00bb button_use_icon=\u00bboff\u00bb global_colors_info=\u00bb{}\u00bb][et_pb_contact_field field_id=\u00bbName\u00bb field_title=\u00bbNombre\u00bb _builder_version=\u00bb4.13.1&#8243; form_field_text_color=\u00bb#65102D\u00bb form_field_focus_text_color=\u00bb#65102D\u00bb global_colors_info=\u00bb{}\u00bb button_text_size__hover_enabled=\u00bboff\u00bb button_one_text_size__hover_enabled=\u00bboff\u00bb button_two_text_size__hover_enabled=\u00bboff\u00bb button_text_color__hover_enabled=\u00bboff\u00bb button_one_text_color__hover_enabled=\u00bboff\u00bb button_two_text_color__hover_enabled=\u00bboff\u00bb button_border_width__hover_enabled=\u00bboff\u00bb button_one_border_width__hover_enabled=\u00bboff\u00bb button_two_border_width__hover_enabled=\u00bboff\u00bb button_border_color__hover_enabled=\u00bboff\u00bb button_one_border_color__hover_enabled=\u00bboff\u00bb button_two_border_color__hover_enabled=\u00bboff\u00bb button_border_radius__hover_enabled=\u00bboff\u00bb button_one_border_radius__hover_enabled=\u00bboff\u00bb button_two_border_radius__hover_enabled=\u00bboff\u00bb button_letter_spacing__hover_enabled=\u00bboff\u00bb button_one_letter_spacing__hover_enabled=\u00bboff\u00bb button_two_letter_spacing__hover_enabled=\u00bboff\u00bb button_bg_color__hover_enabled=\u00bboff\u00bb button_one_bg_color__hover_enabled=\u00bboff\u00bb button_two_bg_color__hover_enabled=\u00bboff\u00bb][\/et_pb_contact_field][et_pb_contact_field field_id=\u00bbapellido\u00bb field_title=\u00bbApellidos\u00bb _builder_version=\u00bb4.13.1&#8243; _module_preset=\u00bbdefault\u00bb global_colors_info=\u00bb{}\u00bb][\/et_pb_contact_field][et_pb_contact_field field_id=\u00bbEmail\u00bb field_title=\u00bbCorreo electr\u00f3nico\u00bb field_type=\u00bbemail\u00bb fullwidth_field=\u00bbon\u00bb _builder_version=\u00bb4.13.1&#8243; global_colors_info=\u00bb{}\u00bb button_text_size__hover_enabled=\u00bboff\u00bb button_one_text_size__hover_enabled=\u00bboff\u00bb button_two_text_size__hover_enabled=\u00bboff\u00bb button_text_color__hover_enabled=\u00bboff\u00bb button_one_text_color__hover_enabled=\u00bboff\u00bb button_two_text_color__hover_enabled=\u00bboff\u00bb button_border_width__hover_enabled=\u00bboff\u00bb button_one_border_width__hover_enabled=\u00bboff\u00bb button_two_border_width__hover_enabled=\u00bboff\u00bb button_border_color__hover_enabled=\u00bboff\u00bb button_one_border_color__hover_enabled=\u00bboff\u00bb button_two_border_color__hover_enabled=\u00bboff\u00bb button_border_radius__hover_enabled=\u00bboff\u00bb button_one_border_radius__hover_enabled=\u00bboff\u00bb button_two_border_radius__hover_enabled=\u00bboff\u00bb button_letter_spacing__hover_enabled=\u00bboff\u00bb button_one_letter_spacing__hover_enabled=\u00bboff\u00bb button_two_letter_spacing__hover_enabled=\u00bboff\u00bb button_bg_color__hover_enabled=\u00bboff\u00bb button_one_bg_color__hover_enabled=\u00bboff\u00bb button_two_bg_color__hover_enabled=\u00bboff\u00bb][\/et_pb_contact_field][et_pb_contact_field field_id=\u00bbMessage\u00bb field_title=\u00bbConsulta\u00bb field_type=\u00bbtext\u00bb fullwidth_field=\u00bbon\u00bb _builder_version=\u00bb4.13.1&#8243; global_colors_info=\u00bb{}\u00bb button_text_size__hover_enabled=\u00bboff\u00bb button_one_text_size__hover_enabled=\u00bboff\u00bb button_two_text_size__hover_enabled=\u00bboff\u00bb button_text_color__hover_enabled=\u00bboff\u00bb button_one_text_color__hover_enabled=\u00bboff\u00bb button_two_text_color__hover_enabled=\u00bboff\u00bb button_border_width__hover_enabled=\u00bboff\u00bb button_one_border_width__hover_enabled=\u00bboff\u00bb button_two_border_width__hover_enabled=\u00bboff\u00bb button_border_color__hover_enabled=\u00bboff\u00bb button_one_border_color__hover_enabled=\u00bboff\u00bb button_two_border_color__hover_enabled=\u00bboff\u00bb button_border_radius__hover_enabled=\u00bboff\u00bb button_one_border_radius__hover_enabled=\u00bboff\u00bb button_two_border_radius__hover_enabled=\u00bboff\u00bb button_letter_spacing__hover_enabled=\u00bboff\u00bb button_one_letter_spacing__hover_enabled=\u00bboff\u00bb button_two_letter_spacing__hover_enabled=\u00bboff\u00bb button_bg_color__hover_enabled=\u00bboff\u00bb button_one_bg_color__hover_enabled=\u00bboff\u00bb button_two_bg_color__hover_enabled=\u00bboff\u00bb][\/et_pb_contact_field][\/et_pb_contact_form][\/et_pb_column][\/et_pb_row][\/et_pb_section]<\/p>","protected":false},"excerpt":{"rendered":"<p>DISE\u00d1O DE FASESContamos con amplia experiencia y know-how en la utilizaci\u00f3n de herramientas de software para un correcto Dise\u00f1o de Fases, tales como Q&#8217;pit\u00a9, Minero\u00a9, Surpac\u00a9, Minesight\u00a9, Vulcan\u00a9 y Datamine\/5D Planner\u00a9.Q&#8217;Pit\u00bfQu\u00e9 permite Q&#8217;Pit? Dise\u00f1ar el Pit Final y las fases a l\u00ednea media. La metodolog\u00eda de dise\u00f1o consiste en la filosof\u00eda \u201cThinking-Doing\u201d, en\u00a0la que el [&hellip;]<\/p>","protected":false},"author":1,"featured_media":0,"parent":0,"menu_order":0,"comment_status":"closed","ping_status":"closed","template":"","meta":{"_et_pb_use_builder":"on","_et_pb_old_content":"","_et_gb_content_width":"","footnotes":""},"class_list":["post-1552","page","type-page","status-publish","hentry"],"_links":{"self":[{"href":"https:\/\/imss-consultores.com\/en\/wp-json\/wp\/v2\/pages\/1552","targetHints":{"allow":["GET"]}}],"collection":[{"href":"https:\/\/imss-consultores.com\/en\/wp-json\/wp\/v2\/pages"}],"about":[{"href":"https:\/\/imss-consultores.com\/en\/wp-json\/wp\/v2\/types\/page"}],"author":[{"embeddable":true,"href":"https:\/\/imss-consultores.com\/en\/wp-json\/wp\/v2\/users\/1"}],"replies":[{"embeddable":true,"href":"https:\/\/imss-consultores.com\/en\/wp-json\/wp\/v2\/comments?post=1552"}],"version-history":[{"count":16,"href":"https:\/\/imss-consultores.com\/en\/wp-json\/wp\/v2\/pages\/1552\/revisions"}],"predecessor-version":[{"id":2365,"href":"https:\/\/imss-consultores.com\/en\/wp-json\/wp\/v2\/pages\/1552\/revisions\/2365"}],"wp:attachment":[{"href":"https:\/\/imss-consultores.com\/en\/wp-json\/wp\/v2\/media?parent=1552"}],"curies":[{"name":"wp","href":"https:\/\/api.w.org\/{rel}","templated":true}]}}