{"id":1565,"date":"2021-10-19T19:57:07","date_gmt":"2021-10-19T22:57:07","guid":{"rendered":"https:\/\/imss-consultores.com\/?page_id=1565"},"modified":"2026-02-03T13:11:07","modified_gmt":"2026-02-03T16:11:07","slug":"simulacion-operativa-inti-mining-smart-solutions","status":"publish","type":"page","link":"https:\/\/imss-consultores.com\/en\/simulacion-operativa-inti-mining-smart-solutions\/","title":{"rendered":"OPERATIVE SIMULATION"},"content":{"rendered":"<p>[et_pb_section fb_built=\u00bb1&#8243; admin_label=\u00bbSection\u00bb module_class=\u00bbdetalle-herramientas\u00bb _builder_version=\u00bb4.11.3&#8243; _module_preset=\u00bbdefault\u00bb custom_padding=\u00bb0px||||false|false\u00bb da_disable_devices=\u00bboff|off|off\u00bb global_colors_info=\u00bb{}\u00bb da_is_popup=\u00bboff\u00bb da_exit_intent=\u00bboff\u00bb da_has_close=\u00bbon\u00bb da_alt_close=\u00bboff\u00bb da_dark_close=\u00bboff\u00bb da_not_modal=\u00bbon\u00bb da_is_singular=\u00bboff\u00bb da_with_loader=\u00bboff\u00bb da_has_shadow=\u00bbon\u00bb][et_pb_row disabled_on=\u00bbon|on|on\u00bb _builder_version=\u00bb4.11.3&#8243; _module_preset=\u00bbdefault\u00bb custom_padding=\u00bb0px||||false|false\u00bb disabled=\u00bbon\u00bb global_colors_info=\u00bb{}\u00bb][et_pb_column type=\u00bb4_4&#8243; _builder_version=\u00bb4.10.5&#8243; _module_preset=\u00bbdefault\u00bb global_colors_info=\u00bb{}\u00bb][et_pb_image src=\u00bbhttps:\/\/imss-consultores.com\/wp-content\/uploads\/2021\/10\/banner-Herramienta-SIMULACION-OPERATIVA_detalle.jpg\u00bb alt=\u00bbIMSS &#8211; Herramientas &#8211; Simulaci\u00f3n Operativa\u00bb title_text=\u00bbIMSS &#8211; Herramientas &#8211; Simulaci\u00f3n Operativa\u00bb _builder_version=\u00bb4.11.3&#8243; _module_preset=\u00bbdefault\u00bb global_colors_info=\u00bb{}\u00bb][\/et_pb_image][\/et_pb_column][\/et_pb_row][et_pb_row module_class=\u00bbrow-detalle-tool\u00bb _builder_version=\u00bb4.11.3&#8243; _module_preset=\u00bbdefault\u00bb global_colors_info=\u00bb{}\u00bb][et_pb_column type=\u00bb4_4&#8243; _builder_version=\u00bb4.10.5&#8243; _module_preset=\u00bbdefault\u00bb global_colors_info=\u00bb{}\u00bb][et_pb_button button_url=\u00bb@ET-DC@eyJkeW5hbWljIjp0cnVlLCJjb250ZW50IjoicG9zdF9saW5rX3VybF9wYWdlIiwic2V0dGluZ3MiOnsicG9zdF9pZCI6Ijc2OCJ9fQ==@\u00bb button_text=\u00bbVolver a Herramientas\u00bb module_class=\u00bbbtn-back-herramientas\u00bb _builder_version=\u00bb4.13.0&#8243; _dynamic_attributes=\u00bbbutton_url\u00bb _module_preset=\u00bbdefault\u00bb custom_button=\u00bbon\u00bb button_border_color=\u00bbRGBA(0,0,0,0)\u00bb button_icon=\u00bb&#x44;||divi||400&#8243; button_icon_placement=\u00bbleft\u00bb z_index=\u00bb-1&#8243; custom_margin=\u00bb0px|0px|0px|0px|true|true\u00bb custom_padding=\u00bb0px|0px|0px|0px|true|true\u00bb button_bg_color_last_edited=\u00bboff|desktop\u00bb custom_css_main_element=\u00bbmargin-top:0;\u00bb saved_tabs=\u00bball\u00bb global_colors_info=\u00bb{}\u00bb button_bg_color__hover_enabled=\u00bbon|hover\u00bb button_bg_color__hover=\u00bbRGBA(0,0,0,0)\u00bb button_bg_enable_color__hover=\u00bbon\u00bb][\/et_pb_button][et_pb_text module_class=\u00bbtitle-section\u00bb _builder_version=\u00bb4.11.3&#8243; _module_preset=\u00bbdefault\u00bb header_3_text_align=\u00bbcenter\u00bb header_3_text_color=\u00bb#65102d\u00bb global_colors_info=\u00bb{}\u00bb]<\/p>\n<h3>OPERATIVE SIMULATION<\/h3>\n<p>[\/et_pb_text][et_pb_divider color=\u00bb#BBA02F\u00bb divider_weight=\u00bb4px\u00bb module_class=\u00bbimss-divider\u00bb _builder_version=\u00bb4.10.5&#8243; _module_preset=\u00bbdefault\u00bb width=\u00bb3%\u00bb module_alignment=\u00bbcenter\u00bb global_colors_info=\u00bb{}\u00bb][\/et_pb_divider][et_pb_text module_class=\u00bbintro-tool\u00bb _builder_version=\u00bb4.11.3&#8243; _module_preset=\u00bbdefault\u00bb width=\u00bb80%\u00bb module_alignment=\u00bbcenter\u00bb global_colors_info=\u00bb{}\u00bb]<\/p>\n<p style=\"text-align: center;\"><span style=\"font-weight: 400;\">We have extensive experience and know-how in the use of software tools for detailed Operational Simulation, such as OPMS \u00a9, Mine Plan \u00a9, MSSO \u00a9 and MineSched \u00a9.<span class=\"copyizq\">\u00a9<\/span>, Mine Plan<span class=\"copyizq\">\u00a9<\/span>, MSSO<span class=\"copyizq\">\u00a9<\/span> y MineSched<span class=\"copyizq\">\u00a9<\/span>.<\/span><\/p>\n<p>[\/et_pb_text][et_pb_video src=\u00bbhttps:\/\/www.youtube.com\/watch?v=Tt8SkY6c5ns\u00bb _builder_version=\u00bb4.11.3&#8243; _module_preset=\u00bbdefault\u00bb width=\u00bb86%\u00bb module_alignment=\u00bbcenter\u00bb global_colors_info=\u00bb{}\u00bb][\/et_pb_video][\/et_pb_column][\/et_pb_row][et_pb_row _builder_version=\u00bb4.11.0&#8243; _module_preset=\u00bbdefault\u00bb global_colors_info=\u00bb{}\u00bb][et_pb_column type=\u00bb4_4&#8243; _builder_version=\u00bb4.10.5&#8243; _module_preset=\u00bbdefault\u00bb global_colors_info=\u00bb{}\u00bb][et_pb_text _builder_version=\u00bb4.14.0&#8243; _module_preset=\u00bbdefault\u00bb background_color=\u00bbgcid-b97d0e36-42ee-4ce3-89f4-403d866dd5ba\u00bb custom_padding=\u00bb||||true|false\u00bb hover_enabled=\u00bb0&#8243; custom_css_main_element=\u00bbpadding:2%;\u00bb global_colors_info=\u00bb{%22gcid-b97d0e36-42ee-4ce3-89f4-403d866dd5ba%22:%91%22background_color%22%93}\u00bb module_class=\u00bbnombre-herramienta-detalle\u00bb sticky_enabled=\u00bb0&#8243;]<\/p>\n<h4 style=\"padding-bottom: 0;\">MinePlan<\/h4>\n<p>[\/et_pb_text][et_pb_text _builder_version=\u00bb4.11.3&#8243; _module_preset=\u00bbdefault\u00bb custom_css_main_element=\u00bbpadding:0 2%;\u00bb global_colors_info=\u00bb{}\u00bb]<\/p>\n<p style=\"text-align: justify;\"><b><span style=\"font-weight: 400;\">It is a computational tool that allows controlling all the restrictions that a Mining Plan must have.<\/span><\/b><\/p>\n<p><b>What does MinePlan allow?<\/b><\/p>\n<ul>\n<li style=\"font-weight: 400; text-align: justify;\" aria-level=\"1\"><span style=\"font-weight: 400;\">Make a more operational Mining Plan, where the engineer's experience comes into play.<\/span><\/li>\n<li style=\"font-weight: 400; text-align: justify;\" aria-level=\"1\"><span style=\"font-weight: 400;\">Control all the restrictions that the Mining Plan must have. It is easy to modify and report in real time.<\/span><\/li>\n<li style=\"font-weight: 400; text-align: justify;\" aria-level=\"1\"><span style=\"font-weight: 400;\">View the sequencing of the Mining Plan period by period, quickly detecting feasibility problems in its execution.<\/span><\/li>\n<li style=\"font-weight: 400; text-align: justify;\" aria-level=\"1\"><span style=\"font-weight: 400;\">Promote reportability, since it adjusts to the client's need. Even more information can be extracted if it is needed, and as many types of reports can be generated as the planner requires.<\/span><\/li>\n<\/ul>\n<p><b>Why use MinePlan?<\/b><\/p>\n<ul>\n<li style=\"font-weight: 400; text-align: justify;\" aria-level=\"1\"><span style=\"font-weight: 400;\">The analyzes with this type of tools are more complete due to the fact that different situations of the Mining Plan are analyzed. Thus, the planner must make operational decisions above all and make the necessary adjustments to obtain a good plan.<\/span><\/li>\n<li style=\"font-weight: 400; text-align: justify;\" aria-level=\"1\"><span style=\"font-weight: 400;\">Previously, any change in the plan meant redoing the analysis completely and wasting a lot of time. Now it is simple and does not require too much time, since the results are obtained in real time.<\/span><\/li>\n<li style=\"font-weight: 400; text-align: justify;\" aria-level=\"1\"><span style=\"font-weight: 400;\">Multiple analyzes can be quickly performed by generating evaluations and impacts of different phase designs.<\/span><\/li>\n<li style=\"font-weight: 400; text-align: justify;\" aria-level=\"1\"><span style=\"font-weight: 400;\">MinePlan is very powerful in the way it reports each mining option.<\/span><\/li>\n<li style=\"font-weight: 400; text-align: justify;\" aria-level=\"1\"><span style=\"font-weight: 400;\">It allows to see the Mining Plan in terms of the well-known \u201csaw\u201d and exposed ore.<\/span><\/li>\n<\/ul>\n<p>[\/et_pb_text][\/et_pb_column][\/et_pb_row][\/et_pb_section][et_pb_section fb_built=\u00bb1&#8243; admin_label=\u00bbSection\u00bb module_id=\u00bbcontacto\u00bb module_class=\u00bbcontact-section\u00bb _builder_version=\u00bb4.11.3&#8243; _module_preset=\u00bbdefault\u00bb background_color=\u00bb#ececec\u00bb top_divider_style=\u00bbslant\u00bb top_divider_color=\u00bb#FFFFFF\u00bb top_divider_height=\u00bb56px\u00bb top_divider_flip=\u00bbhorizontal\u00bb da_popup_slug=\u00bbcontacto\u00bb da_disable_devices=\u00bboff|off|off\u00bb global_module=\u00bb895&#8243; saved_tabs=\u00bball\u00bb global_colors_info=\u00bb{}\u00bb da_is_popup=\u00bboff\u00bb da_exit_intent=\u00bboff\u00bb da_has_close=\u00bbon\u00bb da_alt_close=\u00bboff\u00bb da_dark_close=\u00bboff\u00bb da_not_modal=\u00bbon\u00bb da_is_singular=\u00bboff\u00bb da_with_loader=\u00bboff\u00bb da_has_shadow=\u00bbon\u00bb][et_pb_row _builder_version=\u00bb4.10.5&#8243; _module_preset=\u00bbdefault\u00bb global_colors_info=\u00bb{}\u00bb][et_pb_column type=\u00bb4_4&#8243; _builder_version=\u00bb4.10.5&#8243; _module_preset=\u00bbdefault\u00bb global_colors_info=\u00bb{}\u00bb][et_pb_text module_class=\u00bbtitle-section\u00bb _builder_version=\u00bb4.10.5&#8243; _module_preset=\u00bbdefault\u00bb header_3_text_align=\u00bbcenter\u00bb header_3_text_color=\u00bb#65102d\u00bb global_colors_info=\u00bb{}\u00bb]<\/p>\n<h3>SEND US A MESSAGE<\/h3>\n<p>[\/et_pb_text][et_pb_divider color=\u00bb#BBA02F\u00bb divider_weight=\u00bb4px\u00bb admin_label=\u00bbSeparador\u00bb module_class=\u00bbimss-divider\u00bb _builder_version=\u00bb4.10.5&#8243; _module_preset=\u00bbdefault\u00bb width=\u00bb3%\u00bb module_alignment=\u00bbcenter\u00bb global_colors_info=\u00bb{}\u00bb][\/et_pb_divider][\/et_pb_column][\/et_pb_row][et_pb_row _builder_version=\u00bb4.10.5&#8243; _module_preset=\u00bbdefault\u00bb global_colors_info=\u00bb{}\u00bb][et_pb_column type=\u00bb4_4&#8243; _builder_version=\u00bb4.10.5&#8243; _module_preset=\u00bbdefault\u00bb global_colors_info=\u00bb{}\u00bb][et_pb_contact_form captcha=\u00bboff\u00bb email=\u00bbcontacto@imss-consultores.com\u00bb custom_message=\u00bbNuevo contacto de %%name%% %%apellido%% (%%Email%%).  ||et_pb_line_break_holder||Contenido del mensaje: %%Message%%.\u00bb use_redirect=\u00bbon\u00bb redirect_url=\u00bbhttps:\/\/imss-consultores.com\u00bb success_message=\u00bbMensaje enviado. Nos pondremos en contacto a la brevedad. Gracias.\u00bb submit_button_text=\u00bbENVIAR\u00bb _builder_version=\u00bb4.13.1&#8243; _module_preset=\u00bbdefault\u00bb _unique_id=\u00bb7e96d49c-a56e-4887-a222-457a4a5c446e\u00bb form_field_background_color=\u00bb#FFFFFF\u00bb form_field_text_color=\u00bb#65102d\u00bb form_field_focus_background_color=\u00bbrgba(101,16,45,0.12)\u00bb form_field_focus_text_color=\u00bb#65102D\u00bb custom_button=\u00bbon\u00bb button_border_width=\u00bb0px\u00bb button_border_color=\u00bb#bba02f\u00bb button_use_icon=\u00bboff\u00bb global_colors_info=\u00bb{}\u00bb][et_pb_contact_field field_id=\u00bbName\u00bb field_title=\u00bbNombre\u00bb _builder_version=\u00bb4.13.1&#8243; form_field_text_color=\u00bb#65102D\u00bb form_field_focus_text_color=\u00bb#65102D\u00bb global_colors_info=\u00bb{}\u00bb button_text_size__hover_enabled=\u00bboff\u00bb button_one_text_size__hover_enabled=\u00bboff\u00bb button_two_text_size__hover_enabled=\u00bboff\u00bb button_text_color__hover_enabled=\u00bboff\u00bb button_one_text_color__hover_enabled=\u00bboff\u00bb button_two_text_color__hover_enabled=\u00bboff\u00bb button_border_width__hover_enabled=\u00bboff\u00bb button_one_border_width__hover_enabled=\u00bboff\u00bb button_two_border_width__hover_enabled=\u00bboff\u00bb button_border_color__hover_enabled=\u00bboff\u00bb button_one_border_color__hover_enabled=\u00bboff\u00bb button_two_border_color__hover_enabled=\u00bboff\u00bb button_border_radius__hover_enabled=\u00bboff\u00bb button_one_border_radius__hover_enabled=\u00bboff\u00bb button_two_border_radius__hover_enabled=\u00bboff\u00bb button_letter_spacing__hover_enabled=\u00bboff\u00bb button_one_letter_spacing__hover_enabled=\u00bboff\u00bb button_two_letter_spacing__hover_enabled=\u00bboff\u00bb button_bg_color__hover_enabled=\u00bboff\u00bb button_one_bg_color__hover_enabled=\u00bboff\u00bb button_two_bg_color__hover_enabled=\u00bboff\u00bb][\/et_pb_contact_field][et_pb_contact_field field_id=\u00bbapellido\u00bb field_title=\u00bbApellidos\u00bb _builder_version=\u00bb4.13.1&#8243; _module_preset=\u00bbdefault\u00bb global_colors_info=\u00bb{}\u00bb][\/et_pb_contact_field][et_pb_contact_field field_id=\u00bbEmail\u00bb field_title=\u00bbCorreo electr\u00f3nico\u00bb field_type=\u00bbemail\u00bb fullwidth_field=\u00bbon\u00bb _builder_version=\u00bb4.13.1&#8243; global_colors_info=\u00bb{}\u00bb button_text_size__hover_enabled=\u00bboff\u00bb button_one_text_size__hover_enabled=\u00bboff\u00bb button_two_text_size__hover_enabled=\u00bboff\u00bb button_text_color__hover_enabled=\u00bboff\u00bb button_one_text_color__hover_enabled=\u00bboff\u00bb button_two_text_color__hover_enabled=\u00bboff\u00bb button_border_width__hover_enabled=\u00bboff\u00bb button_one_border_width__hover_enabled=\u00bboff\u00bb button_two_border_width__hover_enabled=\u00bboff\u00bb button_border_color__hover_enabled=\u00bboff\u00bb button_one_border_color__hover_enabled=\u00bboff\u00bb button_two_border_color__hover_enabled=\u00bboff\u00bb button_border_radius__hover_enabled=\u00bboff\u00bb button_one_border_radius__hover_enabled=\u00bboff\u00bb button_two_border_radius__hover_enabled=\u00bboff\u00bb button_letter_spacing__hover_enabled=\u00bboff\u00bb button_one_letter_spacing__hover_enabled=\u00bboff\u00bb button_two_letter_spacing__hover_enabled=\u00bboff\u00bb button_bg_color__hover_enabled=\u00bboff\u00bb button_one_bg_color__hover_enabled=\u00bboff\u00bb button_two_bg_color__hover_enabled=\u00bboff\u00bb][\/et_pb_contact_field][et_pb_contact_field field_id=\u00bbMessage\u00bb field_title=\u00bbConsulta\u00bb field_type=\u00bbtext\u00bb fullwidth_field=\u00bbon\u00bb _builder_version=\u00bb4.13.1&#8243; global_colors_info=\u00bb{}\u00bb button_text_size__hover_enabled=\u00bboff\u00bb button_one_text_size__hover_enabled=\u00bboff\u00bb button_two_text_size__hover_enabled=\u00bboff\u00bb button_text_color__hover_enabled=\u00bboff\u00bb button_one_text_color__hover_enabled=\u00bboff\u00bb button_two_text_color__hover_enabled=\u00bboff\u00bb button_border_width__hover_enabled=\u00bboff\u00bb button_one_border_width__hover_enabled=\u00bboff\u00bb button_two_border_width__hover_enabled=\u00bboff\u00bb button_border_color__hover_enabled=\u00bboff\u00bb button_one_border_color__hover_enabled=\u00bboff\u00bb button_two_border_color__hover_enabled=\u00bboff\u00bb button_border_radius__hover_enabled=\u00bboff\u00bb button_one_border_radius__hover_enabled=\u00bboff\u00bb button_two_border_radius__hover_enabled=\u00bboff\u00bb button_letter_spacing__hover_enabled=\u00bboff\u00bb button_one_letter_spacing__hover_enabled=\u00bboff\u00bb button_two_letter_spacing__hover_enabled=\u00bboff\u00bb button_bg_color__hover_enabled=\u00bboff\u00bb button_one_bg_color__hover_enabled=\u00bboff\u00bb button_two_bg_color__hover_enabled=\u00bboff\u00bb][\/et_pb_contact_field][\/et_pb_contact_form][\/et_pb_column][\/et_pb_row][\/et_pb_section]<\/p>","protected":false},"excerpt":{"rendered":"<p>SIMULACI\u00d3N OPERATIVAContamos con amplia experiencia y know-how en la utilizaci\u00f3n de herramientas de software para una detallada Simulaci\u00f3n Operativa, tales como OPMS\u00a9, Mine Plan\u00a9, MSSO\u00a9 y MineSched\u00a9.MinePlanEs una herramienta computacional que permite controlar todas la restricciones que debe tener un Plan de minado. \u00bfQu\u00e9 permite MinePlan? Hacer un Plan de minado m\u00e1s operativo, en donde [&hellip;]<\/p>","protected":false},"author":1,"featured_media":0,"parent":0,"menu_order":0,"comment_status":"closed","ping_status":"closed","template":"","meta":{"_et_pb_use_builder":"on","_et_pb_old_content":"","_et_gb_content_width":"","footnotes":""},"class_list":["post-1565","page","type-page","status-publish","hentry"],"_links":{"self":[{"href":"https:\/\/imss-consultores.com\/en\/wp-json\/wp\/v2\/pages\/1565","targetHints":{"allow":["GET"]}}],"collection":[{"href":"https:\/\/imss-consultores.com\/en\/wp-json\/wp\/v2\/pages"}],"about":[{"href":"https:\/\/imss-consultores.com\/en\/wp-json\/wp\/v2\/types\/page"}],"author":[{"embeddable":true,"href":"https:\/\/imss-consultores.com\/en\/wp-json\/wp\/v2\/users\/1"}],"replies":[{"embeddable":true,"href":"https:\/\/imss-consultores.com\/en\/wp-json\/wp\/v2\/comments?post=1565"}],"version-history":[{"count":13,"href":"https:\/\/imss-consultores.com\/en\/wp-json\/wp\/v2\/pages\/1565\/revisions"}],"predecessor-version":[{"id":2364,"href":"https:\/\/imss-consultores.com\/en\/wp-json\/wp\/v2\/pages\/1565\/revisions\/2364"}],"wp:attachment":[{"href":"https:\/\/imss-consultores.com\/en\/wp-json\/wp\/v2\/media?parent=1565"}],"curies":[{"name":"wp","href":"https:\/\/api.w.org\/{rel}","templated":true}]}}