{"id":3125,"date":"2026-01-07T09:22:09","date_gmt":"2026-01-07T12:22:09","guid":{"rendered":"https:\/\/imss-consultores.com\/?page_id=3125"},"modified":"2026-02-05T09:20:15","modified_gmt":"2026-02-05T12:20:15","slug":"mensaje-del-gerente-general","status":"publish","type":"page","link":"https:\/\/imss-consultores.com\/en\/mensaje-del-gerente-general\/","title":{"rendered":"Message from General Manager"},"content":{"rendered":"<p>[et_pb_section fb_built=\u00bb1&#8243; _builder_version=\u00bb4.27.5&#8243; _module_preset=\u00bbdefault\u00bb custom_padding=\u00bb16px|||||\u00bb da_disable_devices=\u00bboff|off|off\u00bb global_colors_info=\u00bb{}\u00bb da_is_popup=\u00bboff\u00bb da_exit_intent=\u00bboff\u00bb da_has_close=\u00bbon\u00bb da_alt_close=\u00bboff\u00bb da_dark_close=\u00bboff\u00bb da_not_modal=\u00bbon\u00bb da_is_singular=\u00bboff\u00bb da_with_loader=\u00bboff\u00bb da_has_shadow=\u00bbon\u00bb][et_pb_row _builder_version=\u00bb4.16&#8243; _module_preset=\u00bbdefault\u00bb custom_padding=\u00bb||0px|||\u00bb global_colors_info=\u00bb{}\u00bb][et_pb_column type=\u00bb4_4&#8243; _builder_version=\u00bb4.16&#8243; _module_preset=\u00bbdefault\u00bb global_colors_info=\u00bb{}\u00bb][et_pb_text module_class=\u00bbtitle-section\u00bb _builder_version=\u00bb4.27.5&#8243; _module_preset=\u00bbdefault\u00bb header_3_font=\u00bb|||on|||||\u00bb header_3_text_align=\u00bbcenter\u00bb header_3_text_color=\u00bb#65102d\u00bb global_colors_info=\u00bb{}\u00bb]<\/p>\n<h3><b>Message from General Manager<\/b><\/h3>\n<p>[\/et_pb_text][et_pb_divider color=\u00bb#BBA02F\u00bb divider_weight=\u00bb4px\u00bb module_class=\u00bbimss-divider\u00bb _builder_version=\u00bb4.16&#8243; _module_preset=\u00bbdefault\u00bb width=\u00bb3%\u00bb module_alignment=\u00bbcenter\u00bb global_colors_info=\u00bb{}\u00bb][\/et_pb_divider][\/et_pb_column][\/et_pb_row][et_pb_row _builder_version=\u00bb4.27.5&#8243; _module_preset=\u00bbdefault\u00bb global_colors_info=\u00bb{}\u00bb][et_pb_column type=\u00bb4_4&#8243; _builder_version=\u00bb4.27.5&#8243; _module_preset=\u00bbdefault\u00bb global_colors_info=\u00bb{}\u00bb][et_pb_text _builder_version=\u00bb4.27.5&#8243; _module_preset=\u00bbdefault\u00bb text_font=\u00bbSource Sans Pro||||||||\u00bb text_font_size=\u00bb18px\u00bb text_orientation=\u00bbjustified\u00bb hover_enabled=\u00bb0&#8243; global_colors_info=\u00bb{}\u00bb content_last_edited=\u00bbon|phone\u00bb sticky_enabled=\u00bb0&#8243; content_phone=\u00bb<\/p>\n<p><span><img src=\"%22https:\/\/imss-consultores.com\/wp-content\/uploads\/2021\/09\/Christian-Osorio-Morales_554x570_full-292x300.jpg%22\" width=\"%22292%22\" height=\"%22300%22\" alt=\"%22Christian\" osorio morales%22 class=\"%22wp-image-296\" alignnone size-medium%22 \/>Dear Clients, Suppliers, and Friends, <\/span><\/p>\n<p><span>We are proud of the reputation for leadership and quality that we have built over more than 10 years in the industry. We remain largely the same group of professionals who laid the foundations of the company, fostering a consulting culture focused on medium- to long-term service within the mining industry. This ideology has been upheld throughout my leadership and is one I strive to perpetuate together with my partners and strategic allies. Our primary objectives are to continue prioritizing client satisfaction through excellence in the professional quality of our work, along with a greater awareness of the global economy and its impact on the mining industry.<\/span><\/p>\n<p><span>As mining consultants, the experts and specialists of IMSS Group Latam have achieved these objectives in various ways. We hire and retain the industry\u2019s best professionals and high-potential talent, invest in technology and innovation with a forward-looking vision of the mining of the future, efficiently optimize information resources, and focus exclusively on our core business as independent, top-tier mining consultants. Finally, as expert consultants and qualified specialists, we treat our clients with respect, impartiality, and honesty. This is reflected in the number of recurring clients we serve, primarily across South America. IMSS Group\u2019s business relationships within the mining industry are built on mutual respect, realistic project and service budget estimates, and the timely completion of scheduled tasks and activities.<\/span><\/p>\n<p><span>As a leading mining consulting firm in South America, the quality of our work\u2014reflected in each client testimonial, mining evaluation, due diligence, mining analysis, mine plan, forecast, estimation, mining valuation, research, geotechnical and hydrogeological services, and engineering design\u2014has become the de facto standard within the mining industry. Additionally, it is important to highlight that IMSS Group\u2019s technical reports comply with the standards of leading mining institutions, financial entities, and government agencies.<\/span><\/p>\n<p><span>As you navigate our website, we invite you to consider IMSS Group Latam\u2019s mining expertise: our ability as consultants to understand your challenges and deliver practical, common-sense solutions undoubtedly adds substantial value to your projects. <\/span><\/p>\n<p><span>Finally, we remain available to proactively address your needs while adhering to the ethical standards of professional engineering. If your company is seeking a specialized mining consultant who delivers real value, we would welcome the opportunity to discuss your needs and explore how we can jointly identify optimal solutions. We extend our sincere gratitude to our many clients for their loyalty over these 10 years of synergistic collaboration between companies, and we look forward to building new strategic partnerships in the short to medium term.<\/span><\/p>\n<p><span>Kind regards,<\/span><span>\u00a0<\/span><\/p>\n<p><strong>Qp. CHRISTIAN OSORIO MORALES<\/strong><\/p>\n<p><strong>General Manager &amp; Legal Representative<\/strong><\/p>\n<p>\u00bb content_tablet=\u00bb<\/p>\n<p><span><img src=\"%22https:\/\/imss-consultores.com\/wp-content\/uploads\/2021\/09\/Christian-Osorio-Morales_554x570_full-292x300.jpg%22\" width=\"%22292%22\" height=\"%22300%22\" alt=\"%22Christian\" osorio morales%22 class=\"%22wp-image-296\" alignleft size-medium%22 \/>Dear Clients, Suppliers, and Friends, <\/span><\/p>\n<p><span>We are proud of the reputation for leadership and quality that we have built over more than 10 years in the industry. We remain largely the same group of professionals who laid the foundations of the company, fostering a consulting culture focused on medium- to long-term service within the mining industry. This ideology has been upheld throughout my leadership and is one I strive to perpetuate together with my partners and strategic allies. Our primary objectives are to continue prioritizing client satisfaction through excellence in the professional quality of our work, along with a greater awareness of the global economy and its impact on the mining industry.<\/span><\/p>\n<p><span>As mining consultants, the experts and specialists of IMSS Group Latam have achieved these objectives in various ways. We hire and retain the industry\u2019s best professionals and high-potential talent, invest in technology and innovation with a forward-looking vision of the mining of the future, efficiently optimize information resources, and focus exclusively on our core business as independent, top-tier mining consultants. Finally, as expert consultants and qualified specialists, we treat our clients with respect, impartiality, and honesty. This is reflected in the number of recurring clients we serve, primarily across South America. IMSS Group\u2019s business relationships within the mining industry are built on mutual respect, realistic project and service budget estimates, and the timely completion of scheduled tasks and activities.<\/span><\/p>\n<p><span>As a leading mining consulting firm in South America, the quality of our work\u2014reflected in each client testimonial, mining evaluation, due diligence, mining analysis, mine plan, forecast, estimation, mining valuation, research, geotechnical and hydrogeological services, and engineering design\u2014has become the de facto standard within the mining industry. Additionally, it is important to highlight that IMSS Group\u2019s technical reports comply with the standards of leading mining institutions, financial entities, and government agencies.<\/span><\/p>\n<p><span>As you navigate our website, we invite you to consider IMSS Group Latam\u2019s mining expertise: our ability as consultants to understand your challenges and deliver practical, common-sense solutions undoubtedly adds substantial value to your projects. <\/span><\/p>\n<p><span>Finally, we remain available to proactively address your needs while adhering to the ethical standards of professional engineering. If your company is seeking a specialized mining consultant who delivers real value, we would welcome the opportunity to discuss your needs and explore how we can jointly identify optimal solutions. We extend our sincere gratitude to our many clients for their loyalty over these 10 years of synergistic collaboration between companies, and we look forward to building new strategic partnerships in the short to medium term.<\/span><\/p>\n<p><span>Kind regards,<\/span><span>\u00a0<\/span><\/p>\n<p><strong>Qp. CHRISTIAN OSORIO MORALES<\/strong><\/p>\n<p><strong>General Manager &amp; Legal Representative<\/strong><\/p>\n<p>\u00ab]<\/p>\n<p><span><img loading=\"lazy\" decoding=\"async\" src=\"https:\/\/imss-consultores.com\/wp-content\/uploads\/2021\/09\/Christian-Osorio-Morales_554x570_full-292x300.jpg\" width=\"292\" height=\"300\" alt=\"Christian Osorio Morales\" class=\"wp-image-296 alignleft size-medium\" \/>Dear Clients, Suppliers, and Friends, <\/span><\/p>\n<p><span>We are proud of the reputation for leadership and quality that we have built over more than 10 years in the industry. We remain largely the same group of professionals who laid the foundations of the company, fostering a consulting culture focused on medium- to long-term service within the mining industry. This ideology has been upheld throughout my leadership and is one I strive to perpetuate together with my partners and strategic allies. Our primary objectives are to continue prioritizing client satisfaction through excellence in the professional quality of our work, along with a greater awareness of the global economy and its impact on the mining industry.<\/span><\/p>\n<p><span>As mining consultants, the experts and specialists of IMSS Group Latam have achieved these objectives in various ways. We hire and retain the industry\u2019s best professionals and high-potential talent, invest in technology and innovation with a forward-looking vision of the mining of the future, efficiently optimize information resources, and focus exclusively on our core business as independent, top-tier mining consultants. Finally, as expert consultants and qualified specialists, we treat our clients with respect, impartiality, and honesty. This is reflected in the number of recurring clients we serve, primarily across South America. IMSS Group\u2019s business relationships within the mining industry are built on mutual respect, realistic project and service budget estimates, and the timely completion of scheduled tasks and activities.<\/span><\/p>\n<p><span>As a leading mining consulting firm in South America, the quality of our work\u2014reflected in each client testimonial, mining evaluation, due diligence, mining analysis, mine plan, forecast, estimation, mining valuation, research, geotechnical and hydrogeological services, and engineering design\u2014has become the de facto standard within the mining industry. Additionally, it is important to highlight that IMSS Group\u2019s technical reports comply with the standards of leading mining institutions, financial entities, and government agencies.<\/span><\/p>\n<p><span>As you navigate our website, we invite you to consider IMSS Group Latam\u2019s mining expertise: our ability as consultants to understand your challenges and deliver practical, common-sense solutions undoubtedly adds substantial value to your projects. <\/span><\/p>\n<p><span>Finally, we remain available to proactively address your needs while adhering to the ethical standards of professional engineering. If your company is seeking a specialized mining consultant who delivers real value, we would welcome the opportunity to discuss your needs and explore how we can jointly identify optimal solutions. We extend our sincere gratitude to our many clients for their loyalty over these 10 years of synergistic collaboration between companies, and we look forward to building new strategic partnerships in the short to medium term.<\/span><\/p>\n<p><span>Kind regards,<\/span><span>\u00a0<\/span><\/p>\n<p><strong>Qp. CHRISTIAN OSORIO MORALES<\/strong><\/p>\n<p><strong>General Manager &amp; Legal Representative<\/strong><\/p>\n<p>[\/et_pb_text][\/et_pb_column][\/et_pb_row][\/et_pb_section]<\/p>","protected":false},"excerpt":{"rendered":"<p>Mensaje del Gerente GeneralEstimados Cliente, proveedores y amigos, Nos enorgullece la reputaci\u00f3n de liderazgo y calidad que hemos alcanzado en estos m\u00e1s de 10 a\u00f1os en la industria. Estamos pr\u00e1cticamente los mismos profesionales que sentamos las bases y hemos promovido una cultura de consultor\u00eda centrada en el servicio de mediano a largo plazo en la [&hellip;]<\/p>","protected":false},"author":1,"featured_media":0,"parent":0,"menu_order":0,"comment_status":"closed","ping_status":"closed","template":"","meta":{"_et_pb_use_builder":"on","_et_pb_old_content":"","_et_gb_content_width":"","footnotes":""},"class_list":["post-3125","page","type-page","status-publish","hentry"],"_links":{"self":[{"href":"https:\/\/imss-consultores.com\/en\/wp-json\/wp\/v2\/pages\/3125","targetHints":{"allow":["GET"]}}],"collection":[{"href":"https:\/\/imss-consultores.com\/en\/wp-json\/wp\/v2\/pages"}],"about":[{"href":"https:\/\/imss-consultores.com\/en\/wp-json\/wp\/v2\/types\/page"}],"author":[{"embeddable":true,"href":"https:\/\/imss-consultores.com\/en\/wp-json\/wp\/v2\/users\/1"}],"replies":[{"embeddable":true,"href":"https:\/\/imss-consultores.com\/en\/wp-json\/wp\/v2\/comments?post=3125"}],"version-history":[{"count":10,"href":"https:\/\/imss-consultores.com\/en\/wp-json\/wp\/v2\/pages\/3125\/revisions"}],"predecessor-version":[{"id":3950,"href":"https:\/\/imss-consultores.com\/en\/wp-json\/wp\/v2\/pages\/3125\/revisions\/3950"}],"wp:attachment":[{"href":"https:\/\/imss-consultores.com\/en\/wp-json\/wp\/v2\/media?parent=3125"}],"curies":[{"name":"wp","href":"https:\/\/api.w.org\/{rel}","templated":true}]}}