{"id":3510,"date":"2026-01-26T14:21:26","date_gmt":"2026-01-26T17:21:26","guid":{"rendered":"https:\/\/imss-consultores.com\/?page_id=3510"},"modified":"2026-02-03T13:11:06","modified_gmt":"2026-02-03T16:11:06","slug":"expedientes-permisos-de-explotacion-sernageomin","status":"publish","type":"page","link":"https:\/\/imss-consultores.com\/en\/expedientes-permisos-de-explotacion-sernageomin\/","title":{"rendered":"Preparation of the Operating Permit Dossier for SERNAGEOMIN"},"content":{"rendered":"<p>[et_pb_section fb_built=\u00bb1&#8243; admin_label=\u00bbSection\u00bb module_class=\u00bbdetalle-servicios\u00bb _builder_version=\u00bb4.27.5&#8243; _module_preset=\u00bbdefault\u00bb custom_padding=\u00bb3%||||false|false\u00bb hover_enabled=\u00bb0&#8243; da_disable_devices=\u00bboff|off|off\u00bb global_colors_info=\u00bb{}\u00bb sticky_enabled=\u00bb0&#8243; da_is_popup=\u00bboff\u00bb da_exit_intent=\u00bboff\u00bb da_has_close=\u00bbon\u00bb da_alt_close=\u00bboff\u00bb da_dark_close=\u00bboff\u00bb da_not_modal=\u00bbon\u00bb da_is_singular=\u00bboff\u00bb da_with_loader=\u00bboff\u00bb da_has_shadow=\u00bbon\u00bb][et_pb_row _builder_version=\u00bb4.16&#8243; _module_preset=\u00bbdefault\u00bb global_colors_info=\u00bb{}\u00bb][et_pb_column type=\u00bb4_4&#8243; _builder_version=\u00bb4.16&#8243; _module_preset=\u00bbdefault\u00bb global_colors_info=\u00bb{}\u00bb][et_pb_text admin_label=\u00bbTitulo Servicio\u00bb module_class=\u00bbtitle-section\u00bb _builder_version=\u00bb4.27.5&#8243; _module_preset=\u00bbdefault\u00bb header_3_text_align=\u00bbcenter\u00bb header_3_text_color=\u00bb#65102d\u00bb global_colors_info=\u00bb{}\u00bb]<\/p>\n<h3><b>Preparation of the Operating Permit Dossier for SERNAGEOMIN<\/b><\/h3>\n<p>[\/et_pb_text][et_pb_divider color=\u00bb#BBA02F\u00bb divider_weight=\u00bb4px\u00bb module_class=\u00bbimss-divider\u00bb _builder_version=\u00bb4.16&#8243; _module_preset=\u00bbdefault\u00bb width=\u00bb3%\u00bb module_alignment=\u00bbcenter\u00bb global_colors_info=\u00bb{}\u00bb][\/et_pb_divider][et_pb_button button_url=\u00bb@ET-DC@eyJkeW5hbWljIjp0cnVlLCJjb250ZW50IjoicG9zdF9saW5rX3VybF9wYWdlIiwic2V0dGluZ3MiOnsicG9zdF9pZCI6IjczMyJ9fQ==@\u00bb button_text=\u00bbVolver a Servicios\u00bb module_id=\u00bbvolver-soporte\u00bb module_class=\u00bbback-btn-servicios\u00bb _builder_version=\u00bb4.13.0&#8243; _dynamic_attributes=\u00bbbutton_url\u00bb _module_preset=\u00bbdefault\u00bb custom_button=\u00bbon\u00bb button_border_color=\u00bbRGBA(0,0,0,0)\u00bb button_icon=\u00bb&#x44;||divi||400&#8243; button_icon_placement=\u00bbleft\u00bb custom_margin=\u00bb0px|0px|0px|0px|true|true\u00bb custom_padding=\u00bb0px|0px|0px|0px|true|true\u00bb button_bg_color_last_edited=\u00bboff|desktop\u00bb global_module=\u00bb1149&#8243; saved_tabs=\u00bball\u00bb global_colors_info=\u00bb{}\u00bb button_bg_color__hover_enabled=\u00bbon|hover\u00bb button_bg_color__hover=\u00bbRGBA(0,0,0,0)\u00bb button_bg_enable_color__hover=\u00bbon\u00bb][\/et_pb_button][\/et_pb_column][\/et_pb_row][et_pb_row _builder_version=\u00bb4.27.5&#8243; _module_preset=\u00bbdefault\u00bb global_colors_info=\u00bb{}\u00bb][et_pb_column type=\u00bb4_4&#8243; _builder_version=\u00bb4.27.5&#8243; _module_preset=\u00bbdefault\u00bb global_colors_info=\u00bb{}\u00bb][et_pb_text _builder_version=\u00bb4.27.5&#8243; _module_preset=\u00bbdefault\u00bb global_colors_info=\u00bb{}\u00bb]<\/p>\n<p style=\"font-weight: 400;\"><span>Comprehensive preparation of the technical dossier required to obtain the Operating Permit from SERNAGEOMIN, with solid technical support and an approval-oriented approach, ensuring regulatory compliance, technical robustness, and traceability with the project\u2019s engineering.<\/span><\/p>\n<p style=\"font-weight: 400;\"><span>Our approach combines\u00a0<strong>mining judgment, applied engineering, and regulatory expertise<\/strong>, reducing comments, rework, and approval timelines.<\/span><\/p>\n<p style=\"font-weight: 400;\"><span>\u00a0<\/span><\/p>\n<p style=\"font-weight: 400;\"><span>We prepare the technical dossier required by SERNAGEOMIN, including, among others:<\/span><\/p>\n<ul style=\"font-weight: 400;\">\n<li><span>Technical description of the operation and mining method<\/span><\/li>\n<li>Exploitation design and mining sequence<\/li>\n<li><span>Stability analysis of underground workings and slopes<\/span><\/li>\n<li><span>Geometry of stopes, benches, accesses, and ramps<\/span><\/li>\n<li><span>Calculation of safety factors and geomechanical parameters<\/span><\/li>\n<li><span>Drawings, profiles, and sections in compliance with current regulations<\/span><\/li>\n<li>Complete supporting technical report<\/li>\n<li><span>Support throughout the consultation process, preparation of responses, and regulatory meetings \u00a0<\/span><\/li>\n<\/ul>\n<p>[\/et_pb_text][\/et_pb_column][\/et_pb_row][\/et_pb_section][et_pb_section fb_built=\u00bb1&#8243; admin_label=\u00bbSection\u00bb module_id=\u00bbcontacto\u00bb module_class=\u00bbcontact-section\u00bb _builder_version=\u00bb4.11.3&#8243; _module_preset=\u00bbdefault\u00bb background_color=\u00bb#ececec\u00bb top_divider_style=\u00bbslant\u00bb top_divider_color=\u00bb#FFFFFF\u00bb top_divider_height=\u00bb56px\u00bb top_divider_flip=\u00bbhorizontal\u00bb da_popup_slug=\u00bbcontacto\u00bb da_disable_devices=\u00bboff|off|off\u00bb global_module=\u00bb895&#8243; saved_tabs=\u00bball\u00bb global_colors_info=\u00bb{}\u00bb da_is_popup=\u00bboff\u00bb da_exit_intent=\u00bboff\u00bb da_has_close=\u00bbon\u00bb da_alt_close=\u00bboff\u00bb da_dark_close=\u00bboff\u00bb da_not_modal=\u00bbon\u00bb da_is_singular=\u00bboff\u00bb da_with_loader=\u00bboff\u00bb da_has_shadow=\u00bbon\u00bb][et_pb_row _builder_version=\u00bb4.16&#8243; _module_preset=\u00bbdefault\u00bb global_colors_info=\u00bb{}\u00bb][et_pb_column type=\u00bb4_4&#8243; _builder_version=\u00bb4.16&#8243; _module_preset=\u00bbdefault\u00bb global_colors_info=\u00bb{}\u00bb][et_pb_text module_class=\u00bbtitle-section\u00bb _builder_version=\u00bb4.16&#8243; _module_preset=\u00bbdefault\u00bb header_3_text_align=\u00bbcenter\u00bb header_3_text_color=\u00bb#65102d\u00bb global_colors_info=\u00bb{}\u00bb]<\/p>\n<h3>SEND US A MESSAGE<\/h3>\n<p>[\/et_pb_text][et_pb_divider color=\u00bb#BBA02F\u00bb divider_weight=\u00bb4px\u00bb admin_label=\u00bbSeparador\u00bb module_class=\u00bbimss-divider\u00bb _builder_version=\u00bb4.16&#8243; _module_preset=\u00bbdefault\u00bb width=\u00bb3%\u00bb module_alignment=\u00bbcenter\u00bb global_colors_info=\u00bb{}\u00bb][\/et_pb_divider][\/et_pb_column][\/et_pb_row][et_pb_row _builder_version=\u00bb4.16&#8243; _module_preset=\u00bbdefault\u00bb global_colors_info=\u00bb{}\u00bb][et_pb_column type=\u00bb4_4&#8243; _builder_version=\u00bb4.16&#8243; _module_preset=\u00bbdefault\u00bb global_colors_info=\u00bb{}\u00bb][et_pb_contact_form captcha=\u00bboff\u00bb email=\u00bbcontacto@imss-consultores.com\u00bb custom_message=\u00bbNuevo contacto de %%name%% %%apellido%% (%%Email%%).  ||et_pb_line_break_holder||Contenido del mensaje: %%Message%%.\u00bb use_redirect=\u00bbon\u00bb redirect_url=\u00bbhttps:\/\/imss-consultores.com\u00bb success_message=\u00bbMensaje enviado. Nos pondremos en contacto a la brevedad. Gracias.\u00bb submit_button_text=\u00bbENVIAR\u00bb _builder_version=\u00bb4.16&#8243; _module_preset=\u00bbdefault\u00bb _unique_id=\u00bb7e96d49c-a56e-4887-a222-457a4a5c446e\u00bb form_field_background_color=\u00bb#FFFFFF\u00bb form_field_text_color=\u00bb#65102d\u00bb form_field_focus_background_color=\u00bbrgba(101,16,45,0.12)\u00bb form_field_focus_text_color=\u00bb#65102D\u00bb custom_button=\u00bbon\u00bb button_border_width=\u00bb0px\u00bb button_border_color=\u00bb#bba02f\u00bb button_use_icon=\u00bboff\u00bb global_colors_info=\u00bb{}\u00bb][et_pb_contact_field field_id=\u00bbName\u00bb field_title=\u00bbNombre\u00bb _builder_version=\u00bb4.16&#8243; form_field_text_color=\u00bb#65102D\u00bb form_field_focus_text_color=\u00bb#65102D\u00bb global_colors_info=\u00bb{}\u00bb button_text_size__hover_enabled=\u00bboff\u00bb button_one_text_size__hover_enabled=\u00bboff\u00bb button_two_text_size__hover_enabled=\u00bboff\u00bb button_text_color__hover_enabled=\u00bboff\u00bb button_one_text_color__hover_enabled=\u00bboff\u00bb button_two_text_color__hover_enabled=\u00bboff\u00bb button_border_width__hover_enabled=\u00bboff\u00bb button_one_border_width__hover_enabled=\u00bboff\u00bb button_two_border_width__hover_enabled=\u00bboff\u00bb button_border_color__hover_enabled=\u00bboff\u00bb button_one_border_color__hover_enabled=\u00bboff\u00bb button_two_border_color__hover_enabled=\u00bboff\u00bb button_border_radius__hover_enabled=\u00bboff\u00bb button_one_border_radius__hover_enabled=\u00bboff\u00bb button_two_border_radius__hover_enabled=\u00bboff\u00bb button_letter_spacing__hover_enabled=\u00bboff\u00bb button_one_letter_spacing__hover_enabled=\u00bboff\u00bb button_two_letter_spacing__hover_enabled=\u00bboff\u00bb button_bg_color__hover_enabled=\u00bboff\u00bb button_one_bg_color__hover_enabled=\u00bboff\u00bb button_two_bg_color__hover_enabled=\u00bboff\u00bb][\/et_pb_contact_field][et_pb_contact_field field_id=\u00bbapellido\u00bb field_title=\u00bbApellidos\u00bb _builder_version=\u00bb4.16&#8243; _module_preset=\u00bbdefault\u00bb global_colors_info=\u00bb{}\u00bb][\/et_pb_contact_field][et_pb_contact_field field_id=\u00bbEmail\u00bb field_title=\u00bbCorreo electr\u00f3nico\u00bb field_type=\u00bbemail\u00bb fullwidth_field=\u00bbon\u00bb _builder_version=\u00bb4.16&#8243; global_colors_info=\u00bb{}\u00bb button_text_size__hover_enabled=\u00bboff\u00bb button_one_text_size__hover_enabled=\u00bboff\u00bb button_two_text_size__hover_enabled=\u00bboff\u00bb button_text_color__hover_enabled=\u00bboff\u00bb button_one_text_color__hover_enabled=\u00bboff\u00bb button_two_text_color__hover_enabled=\u00bboff\u00bb button_border_width__hover_enabled=\u00bboff\u00bb button_one_border_width__hover_enabled=\u00bboff\u00bb button_two_border_width__hover_enabled=\u00bboff\u00bb button_border_color__hover_enabled=\u00bboff\u00bb button_one_border_color__hover_enabled=\u00bboff\u00bb button_two_border_color__hover_enabled=\u00bboff\u00bb button_border_radius__hover_enabled=\u00bboff\u00bb button_one_border_radius__hover_enabled=\u00bboff\u00bb button_two_border_radius__hover_enabled=\u00bboff\u00bb button_letter_spacing__hover_enabled=\u00bboff\u00bb button_one_letter_spacing__hover_enabled=\u00bboff\u00bb button_two_letter_spacing__hover_enabled=\u00bboff\u00bb button_bg_color__hover_enabled=\u00bboff\u00bb button_one_bg_color__hover_enabled=\u00bboff\u00bb button_two_bg_color__hover_enabled=\u00bboff\u00bb][\/et_pb_contact_field][et_pb_contact_field field_id=\u00bbMessage\u00bb field_title=\u00bbConsulta\u00bb field_type=\u00bbtext\u00bb fullwidth_field=\u00bbon\u00bb _builder_version=\u00bb4.16&#8243; global_colors_info=\u00bb{}\u00bb button_text_size__hover_enabled=\u00bboff\u00bb button_one_text_size__hover_enabled=\u00bboff\u00bb button_two_text_size__hover_enabled=\u00bboff\u00bb button_text_color__hover_enabled=\u00bboff\u00bb button_one_text_color__hover_enabled=\u00bboff\u00bb button_two_text_color__hover_enabled=\u00bboff\u00bb button_border_width__hover_enabled=\u00bboff\u00bb button_one_border_width__hover_enabled=\u00bboff\u00bb button_two_border_width__hover_enabled=\u00bboff\u00bb button_border_color__hover_enabled=\u00bboff\u00bb button_one_border_color__hover_enabled=\u00bboff\u00bb button_two_border_color__hover_enabled=\u00bboff\u00bb button_border_radius__hover_enabled=\u00bboff\u00bb button_one_border_radius__hover_enabled=\u00bboff\u00bb button_two_border_radius__hover_enabled=\u00bboff\u00bb button_letter_spacing__hover_enabled=\u00bboff\u00bb button_one_letter_spacing__hover_enabled=\u00bboff\u00bb button_two_letter_spacing__hover_enabled=\u00bboff\u00bb button_bg_color__hover_enabled=\u00bboff\u00bb button_one_bg_color__hover_enabled=\u00bboff\u00bb button_two_bg_color__hover_enabled=\u00bboff\u00bb][\/et_pb_contact_field][\/et_pb_contact_form][\/et_pb_column][\/et_pb_row][\/et_pb_section]<\/p>","protected":false},"excerpt":{"rendered":"<p>Preparaci\u00f3n de Expediente de Permiso de Explotaci\u00f3n ante SERNAGEOMINPreparaci\u00f3n integral del expediente t\u00e9cnico para la obtenci\u00f3n del Permiso de Explotaci\u00f3n ante SERNAGEOMIN, con respaldo t\u00e9cnico y enfoque aprobatorio, asegurando cumplimiento normativo, solidez t\u00e9cnica y trazabilidad con la ingenier\u00eda del proyecto. Nuestro enfoque combina\u00a0criterio minero, ingenier\u00eda aplicada y conocimiento regulatorio, reduciendo observaciones, reprocesos y tiempos de [&hellip;]<\/p>","protected":false},"author":1,"featured_media":0,"parent":0,"menu_order":0,"comment_status":"closed","ping_status":"closed","template":"","meta":{"_et_pb_use_builder":"on","_et_pb_old_content":"","_et_gb_content_width":"","footnotes":""},"class_list":["post-3510","page","type-page","status-publish","hentry"],"_links":{"self":[{"href":"https:\/\/imss-consultores.com\/en\/wp-json\/wp\/v2\/pages\/3510","targetHints":{"allow":["GET"]}}],"collection":[{"href":"https:\/\/imss-consultores.com\/en\/wp-json\/wp\/v2\/pages"}],"about":[{"href":"https:\/\/imss-consultores.com\/en\/wp-json\/wp\/v2\/types\/page"}],"author":[{"embeddable":true,"href":"https:\/\/imss-consultores.com\/en\/wp-json\/wp\/v2\/users\/1"}],"replies":[{"embeddable":true,"href":"https:\/\/imss-consultores.com\/en\/wp-json\/wp\/v2\/comments?post=3510"}],"version-history":[{"count":5,"href":"https:\/\/imss-consultores.com\/en\/wp-json\/wp\/v2\/pages\/3510\/revisions"}],"predecessor-version":[{"id":3517,"href":"https:\/\/imss-consultores.com\/en\/wp-json\/wp\/v2\/pages\/3510\/revisions\/3517"}],"wp:attachment":[{"href":"https:\/\/imss-consultores.com\/en\/wp-json\/wp\/v2\/media?parent=3510"}],"curies":[{"name":"wp","href":"https:\/\/api.w.org\/{rel}","templated":true}]}}