{"id":4155,"date":"2026-02-06T18:42:55","date_gmt":"2026-02-06T21:42:55","guid":{"rendered":"https:\/\/imss-consultores.com\/?page_id=4155"},"modified":"2026-02-06T19:03:33","modified_gmt":"2026-02-06T22:03:33","slug":"soluciones-de-data-analytics-y-simulacion","status":"publish","type":"page","link":"https:\/\/imss-consultores.com\/en\/soluciones-de-data-analytics-y-simulacion\/","title":{"rendered":"Soluciones de Data Analytics y Simulaci\u00f3n"},"content":{"rendered":"<p>[et_pb_section fb_built=\u00bb1&#8243; admin_label=\u00bbSection\u00bb module_id=\u00bbdesarrollo-servicio\u00bb module_class=\u00bbdetalle-servicios\u00bb _builder_version=\u00bb4.16&#8243; _module_preset=\u00bbdefault\u00bb custom_padding=\u00bb0px||||false|false\u00bb da_popup_slug=\u00bbdesarrollo-servicio\u00bb da_disable_devices=\u00bboff|off|off\u00bb global_colors_info=\u00bb{}\u00bb theme_builder_area=\u00bbpost_content\u00bb da_is_popup=\u00bboff\u00bb da_exit_intent=\u00bboff\u00bb da_has_close=\u00bbon\u00bb da_alt_close=\u00bboff\u00bb da_dark_close=\u00bboff\u00bb da_not_modal=\u00bbon\u00bb da_is_singular=\u00bboff\u00bb da_with_loader=\u00bboff\u00bb da_has_shadow=\u00bbon\u00bb][et_pb_row _builder_version=\u00bb4.16&#8243; _module_preset=\u00bbdefault\u00bb custom_padding=\u00bb0px||||false|false\u00bb global_colors_info=\u00bb{}\u00bb theme_builder_area=\u00bbpost_content\u00bb][et_pb_column type=\u00bb4_4&#8243; _builder_version=\u00bb4.16&#8243; _module_preset=\u00bbdefault\u00bb global_colors_info=\u00bb{}\u00bb theme_builder_area=\u00bbpost_content\u00bb][et_pb_video src=\u00bbhttps:\/\/imss-consultores.com\/wp-content\/uploads\/2026\/02\/Intro-HaulSight.mp4&#8243; _builder_version=\u00bb4.27.5&#8243; _module_preset=\u00bbdefault\u00bb hover_enabled=\u00bb0&#8243; global_colors_info=\u00bb{}\u00bb theme_builder_area=\u00bbpost_content\u00bb title_text=\u00bbSoluciones de Data Analytics y Simulaci\u00f3n\u00bb sticky_enabled=\u00bb0&#8243;][\/et_pb_video][\/et_pb_column][\/et_pb_row][et_pb_row _builder_version=\u00bb4.16&#8243; _module_preset=\u00bbdefault\u00bb global_colors_info=\u00bb{}\u00bb theme_builder_area=\u00bbpost_content\u00bb][et_pb_column type=\u00bb4_4&#8243; _builder_version=\u00bb4.16&#8243; _module_preset=\u00bbdefault\u00bb global_colors_info=\u00bb{}\u00bb theme_builder_area=\u00bbpost_content\u00bb][et_pb_text module_class=\u00bbtitle-section\u00bb _builder_version=\u00bb4.27.5&#8243; _module_preset=\u00bbdefault\u00bb header_3_text_align=\u00bbcenter\u00bb header_3_text_color=\u00bb#65102d\u00bb hover_enabled=\u00bb0&#8243; global_colors_info=\u00bb{}\u00bb theme_builder_area=\u00bbpost_content\u00bb sticky_enabled=\u00bb0&#8243;]<\/p>\n<h3><b>DATA ANALYTICS AND SIMULATION SOLUTIONS<\/b><\/h3>\n<p>[\/et_pb_text][et_pb_divider color=\u00bb#BBA02F\u00bb divider_weight=\u00bb4px\u00bb module_class=\u00bbimss-divider\u00bb _builder_version=\u00bb4.16&#8243; _module_preset=\u00bbdefault\u00bb width=\u00bb3%\u00bb module_alignment=\u00bbcenter\u00bb global_colors_info=\u00bb{}\u00bb theme_builder_area=\u00bbpost_content\u00bb][\/et_pb_divider][et_pb_button button_url=\u00bb@ET-DC@eyJkeW5hbWljIjp0cnVlLCJjb250ZW50IjoicG9zdF9saW5rX3VybF9wYWdlIiwic2V0dGluZ3MiOnsicG9zdF9pZCI6IjczMyJ9fQ==@\u00bb button_text=\u00bbVolver a Servicios\u00bb module_id=\u00bbvolver-soporte\u00bb module_class=\u00bbback-btn-servicios\u00bb _builder_version=\u00bb4.13.0&#8243; _dynamic_attributes=\u00bbbutton_url\u00bb _module_preset=\u00bbdefault\u00bb custom_button=\u00bbon\u00bb button_border_color=\u00bbRGBA(0,0,0,0)\u00bb button_icon=\u00bb&#x44;||divi||400&#8243; button_icon_placement=\u00bbleft\u00bb custom_margin=\u00bb0px|0px|0px|0px|true|true\u00bb custom_padding=\u00bb0px|0px|0px|0px|true|true\u00bb button_bg_color_last_edited=\u00bboff|desktop\u00bb global_module=\u00bb1149&#8243; saved_tabs=\u00bball\u00bb global_colors_info=\u00bb{}\u00bb button_bg_color__hover_enabled=\u00bbon|hover\u00bb button_bg_color__hover=\u00bbRGBA(0,0,0,0)\u00bb button_bg_enable_color__hover=\u00bbon\u00bb theme_builder_area=\u00bbpost_content\u00bb][\/et_pb_button][\/et_pb_column][\/et_pb_row][et_pb_row _builder_version=\u00bb4.27.5&#8243; _module_preset=\u00bbdefault\u00bb global_colors_info=\u00bb{}\u00bb theme_builder_area=\u00bbpost_content\u00bb][et_pb_column type=\u00bb4_4&#8243; _builder_version=\u00bb4.27.5&#8243; _module_preset=\u00bbdefault\u00bb global_colors_info=\u00bb{}\u00bb theme_builder_area=\u00bbpost_content\u00bb][et_pb_text _builder_version=\u00bb4.27.5&#8243; _module_preset=\u00bbdefault\u00bb text_font=\u00bbSource Sans Pro||||||||\u00bb text_font_size=\u00bb18px\u00bb text_orientation=\u00bbjustified\u00bb hover_enabled=\u00bb0&#8243; global_colors_info=\u00bb{}\u00bb theme_builder_area=\u00bbpost_content\u00bb sticky_enabled=\u00bb0&#8243;]<\/p>\n<p><strong>HaulSight Software<\/strong><\/p>\n<p style=\"text-align: justify;\"><strong><\/strong>HaulSight is a computational tool designed to analyze and validate operational parameters in mining equipment haulage. Its purpose is to analyze speed behavior and detect inefficiencies that can be corrected in the short and medium term, as well as to identify areas with critical designs or physical conditions and detect excessive or inefficient flows within a mining plan. This enables the mitigation of operational risks, optimization of operational planning, and improvement of haul road conditions through the identification and correction of inefficiencies.<\/p>\n<p><strong>What does HaulSight enable?<\/strong><\/p>\n<ul>\n<li style=\"text-align: justify;\">Analyze and validate truck speeds and detect biases between actual performance and the inputs used for fleet estimation.<\/li>\n<li style=\"text-align: justify;\">Evaluate the impact on speed generated by the interaction between different truck fleets.<\/li>\n<li style=\"text-align: justify;\">Identify areas with geometric or physical constraints that may limit speed or create bottlenecks.<\/li>\n<li style=\"text-align: justify;\">Determine the impact of excessive truck flows on speed and other mining traffic interactions.<\/li>\n<li style=\"text-align: justify;\">Detect areas with operational inefficiencies, providing key insights for corrections or road condition improvements.<\/li>\n<li style=\"text-align: justify;\">Generate advanced dashboards for operational data analysis and visualization.<\/li>\n<li style=\"text-align: justify;\">Model the temporal evolution of a mining plan in terms of haulage and its impact on productivity.<\/li>\n<\/ul>\n<p>[\/et_pb_text][et_pb_image _builder_version=\u00bb4.27.5&#8243; _module_preset=\u00bbdefault\u00bb theme_builder_area=\u00bbpost_content\u00bb alt=\u00bbHaulSight\u00bb title_text=\u00bbHaulSight\u00bb src=\u00bbhttps:\/\/imss-consultores.com\/wp-content\/uploads\/2026\/02\/Intro-HaulSight-mp4-Google-Drive-02-06-2026_06_41_PM-1.webp\u00bb hover_enabled=\u00bb0&#8243; sticky_enabled=\u00bb0&#8243; width=\u00bb76%\u00bb module_alignment=\u00bbcenter\u00bb show_in_lightbox=\u00bbon\u00bb][\/et_pb_image][et_pb_text _builder_version=\u00bb4.27.5&#8243; _module_preset=\u00bbdefault\u00bb theme_builder_area=\u00bbpost_content\u00bb hover_enabled=\u00bb0&#8243; sticky_enabled=\u00bb0&#8243; text_font=\u00bbSource Sans Pro||||||||\u00bb text_font_size=\u00bb18px\u00bb]<\/p>\n<p><strong>Why use HaulSight?<\/strong><\/p>\n<ul>\n<li style=\"text-align: justify;\">Accurate speed quantification across different sectors of the mine, providing key inputs for long-term planning.<\/li>\n<li style=\"text-align: justify;\">Short-term operational optimization, enabling the evaluation of design feasibility in terms of productivity and haulage efficiency.<\/li>\n<li style=\"text-align: justify;\">Identification and correction of road infrastructure inefficiencies, facilitating improvements in the design and maintenance of mining routes.<\/li>\n<li style=\"text-align: justify;\">Advanced visualization and analysis, through dashboards that support decision-making in design, congestion mitigation, and mining plan sequencing, reducing risks and improving overall efficiency.<\/li>\n<\/ul>\n<p>[\/et_pb_text][et_pb_image _builder_version=\u00bb4.27.5&#8243; _module_preset=\u00bbdefault\u00bb theme_builder_area=\u00bbpost_content\u00bb alt=\u00bbHaulSight\u00bb title_text=\u00bbHaulSight\u00bb src=\u00bbhttps:\/\/imss-consultores.com\/wp-content\/uploads\/2026\/02\/Intro-HaulSight-mp4-Google-Drive-02-06-2026_06_41_PM.webp\u00bb hover_enabled=\u00bb0&#8243; sticky_enabled=\u00bb0&#8243; width=\u00bb76%\u00bb module_alignment=\u00bbcenter\u00bb show_in_lightbox=\u00bbon\u00bb][\/et_pb_image][\/et_pb_column][\/et_pb_row][\/et_pb_section][et_pb_section fb_built=\u00bb1&#8243; admin_label=\u00bbSection\u00bb module_id=\u00bbcontacto\u00bb module_class=\u00bbcontact-section\u00bb _builder_version=\u00bb4.11.3&#8243; _module_preset=\u00bbdefault\u00bb background_color=\u00bb#ececec\u00bb top_divider_style=\u00bbslant\u00bb top_divider_color=\u00bb#FFFFFF\u00bb top_divider_height=\u00bb56px\u00bb top_divider_flip=\u00bbhorizontal\u00bb da_popup_slug=\u00bbcontacto\u00bb da_disable_devices=\u00bboff|off|off\u00bb global_module=\u00bb895&#8243; saved_tabs=\u00bball\u00bb global_colors_info=\u00bb{}\u00bb theme_builder_area=\u00bbpost_content\u00bb da_is_popup=\u00bboff\u00bb da_exit_intent=\u00bboff\u00bb da_has_close=\u00bbon\u00bb da_alt_close=\u00bboff\u00bb da_dark_close=\u00bboff\u00bb da_not_modal=\u00bbon\u00bb da_is_singular=\u00bboff\u00bb da_with_loader=\u00bboff\u00bb da_has_shadow=\u00bbon\u00bb][et_pb_row _builder_version=\u00bb4.16&#8243; _module_preset=\u00bbdefault\u00bb global_colors_info=\u00bb{}\u00bb theme_builder_area=\u00bbpost_content\u00bb][et_pb_column type=\u00bb4_4&#8243; _builder_version=\u00bb4.16&#8243; _module_preset=\u00bbdefault\u00bb global_colors_info=\u00bb{}\u00bb theme_builder_area=\u00bbpost_content\u00bb][et_pb_text module_class=\u00bbtitle-section\u00bb _builder_version=\u00bb4.16&#8243; _module_preset=\u00bbdefault\u00bb header_3_text_align=\u00bbcenter\u00bb header_3_text_color=\u00bb#65102d\u00bb global_colors_info=\u00bb{}\u00bb theme_builder_area=\u00bbpost_content\u00bb]<\/p>\n<h3>SEND US A MESSAGE<\/h3>\n<p>[\/et_pb_text][et_pb_divider color=\u00bb#BBA02F\u00bb divider_weight=\u00bb4px\u00bb admin_label=\u00bbSeparador\u00bb module_class=\u00bbimss-divider\u00bb _builder_version=\u00bb4.16&#8243; _module_preset=\u00bbdefault\u00bb width=\u00bb3%\u00bb module_alignment=\u00bbcenter\u00bb global_colors_info=\u00bb{}\u00bb theme_builder_area=\u00bbpost_content\u00bb][\/et_pb_divider][\/et_pb_column][\/et_pb_row][et_pb_row _builder_version=\u00bb4.16&#8243; _module_preset=\u00bbdefault\u00bb global_colors_info=\u00bb{}\u00bb theme_builder_area=\u00bbpost_content\u00bb][et_pb_column type=\u00bb4_4&#8243; _builder_version=\u00bb4.16&#8243; _module_preset=\u00bbdefault\u00bb global_colors_info=\u00bb{}\u00bb theme_builder_area=\u00bbpost_content\u00bb][et_pb_contact_form captcha=\u00bboff\u00bb email=\u00bbcontacto@imss-consultores.com\u00bb custom_message=\u00bbNuevo contacto de %%name%% %%apellido%% (%%Email%%).  ||et_pb_line_break_holder||Contenido del mensaje: %%Message%%.\u00bb use_redirect=\u00bbon\u00bb redirect_url=\u00bbhttps:\/\/imss-consultores.com\u00bb success_message=\u00bbMensaje enviado. Nos pondremos en contacto a la brevedad. Gracias.\u00bb submit_button_text=\u00bbENVIAR\u00bb _builder_version=\u00bb4.16&#8243; _module_preset=\u00bbdefault\u00bb _unique_id=\u00bb7e96d49c-a56e-4887-a222-457a4a5c446e\u00bb form_field_background_color=\u00bb#FFFFFF\u00bb form_field_text_color=\u00bb#65102d\u00bb form_field_focus_background_color=\u00bbrgba(101,16,45,0.12)\u00bb form_field_focus_text_color=\u00bb#65102D\u00bb custom_button=\u00bbon\u00bb button_border_width=\u00bb0px\u00bb button_border_color=\u00bb#bba02f\u00bb button_use_icon=\u00bboff\u00bb global_colors_info=\u00bb{}\u00bb theme_builder_area=\u00bbpost_content\u00bb][et_pb_contact_field field_id=\u00bbName\u00bb field_title=\u00bbNombre\u00bb _builder_version=\u00bb4.16&#8243; form_field_text_color=\u00bb#65102D\u00bb form_field_focus_text_color=\u00bb#65102D\u00bb global_colors_info=\u00bb{}\u00bb button_text_size__hover_enabled=\u00bboff\u00bb button_one_text_size__hover_enabled=\u00bboff\u00bb button_two_text_size__hover_enabled=\u00bboff\u00bb button_text_color__hover_enabled=\u00bboff\u00bb button_one_text_color__hover_enabled=\u00bboff\u00bb button_two_text_color__hover_enabled=\u00bboff\u00bb button_border_width__hover_enabled=\u00bboff\u00bb button_one_border_width__hover_enabled=\u00bboff\u00bb button_two_border_width__hover_enabled=\u00bboff\u00bb button_border_color__hover_enabled=\u00bboff\u00bb button_one_border_color__hover_enabled=\u00bboff\u00bb button_two_border_color__hover_enabled=\u00bboff\u00bb button_border_radius__hover_enabled=\u00bboff\u00bb button_one_border_radius__hover_enabled=\u00bboff\u00bb button_two_border_radius__hover_enabled=\u00bboff\u00bb button_letter_spacing__hover_enabled=\u00bboff\u00bb button_one_letter_spacing__hover_enabled=\u00bboff\u00bb button_two_letter_spacing__hover_enabled=\u00bboff\u00bb button_bg_color__hover_enabled=\u00bboff\u00bb button_one_bg_color__hover_enabled=\u00bboff\u00bb button_two_bg_color__hover_enabled=\u00bboff\u00bb theme_builder_area=\u00bbpost_content\u00bb][\/et_pb_contact_field][et_pb_contact_field field_id=\u00bbapellido\u00bb field_title=\u00bbApellidos\u00bb _builder_version=\u00bb4.16&#8243; _module_preset=\u00bbdefault\u00bb global_colors_info=\u00bb{}\u00bb theme_builder_area=\u00bbpost_content\u00bb][\/et_pb_contact_field][et_pb_contact_field field_id=\u00bbEmail\u00bb field_title=\u00bbCorreo electr\u00f3nico\u00bb field_type=\u00bbemail\u00bb fullwidth_field=\u00bbon\u00bb _builder_version=\u00bb4.16&#8243; global_colors_info=\u00bb{}\u00bb button_text_size__hover_enabled=\u00bboff\u00bb button_one_text_size__hover_enabled=\u00bboff\u00bb button_two_text_size__hover_enabled=\u00bboff\u00bb button_text_color__hover_enabled=\u00bboff\u00bb button_one_text_color__hover_enabled=\u00bboff\u00bb button_two_text_color__hover_enabled=\u00bboff\u00bb button_border_width__hover_enabled=\u00bboff\u00bb button_one_border_width__hover_enabled=\u00bboff\u00bb button_two_border_width__hover_enabled=\u00bboff\u00bb button_border_color__hover_enabled=\u00bboff\u00bb button_one_border_color__hover_enabled=\u00bboff\u00bb button_two_border_color__hover_enabled=\u00bboff\u00bb button_border_radius__hover_enabled=\u00bboff\u00bb button_one_border_radius__hover_enabled=\u00bboff\u00bb button_two_border_radius__hover_enabled=\u00bboff\u00bb button_letter_spacing__hover_enabled=\u00bboff\u00bb button_one_letter_spacing__hover_enabled=\u00bboff\u00bb button_two_letter_spacing__hover_enabled=\u00bboff\u00bb button_bg_color__hover_enabled=\u00bboff\u00bb button_one_bg_color__hover_enabled=\u00bboff\u00bb button_two_bg_color__hover_enabled=\u00bboff\u00bb theme_builder_area=\u00bbpost_content\u00bb][\/et_pb_contact_field][et_pb_contact_field field_id=\u00bbMessage\u00bb field_title=\u00bbConsulta\u00bb field_type=\u00bbtext\u00bb fullwidth_field=\u00bbon\u00bb _builder_version=\u00bb4.16&#8243; global_colors_info=\u00bb{}\u00bb button_text_size__hover_enabled=\u00bboff\u00bb button_one_text_size__hover_enabled=\u00bboff\u00bb button_two_text_size__hover_enabled=\u00bboff\u00bb button_text_color__hover_enabled=\u00bboff\u00bb button_one_text_color__hover_enabled=\u00bboff\u00bb button_two_text_color__hover_enabled=\u00bboff\u00bb button_border_width__hover_enabled=\u00bboff\u00bb button_one_border_width__hover_enabled=\u00bboff\u00bb button_two_border_width__hover_enabled=\u00bboff\u00bb button_border_color__hover_enabled=\u00bboff\u00bb button_one_border_color__hover_enabled=\u00bboff\u00bb button_two_border_color__hover_enabled=\u00bboff\u00bb button_border_radius__hover_enabled=\u00bboff\u00bb button_one_border_radius__hover_enabled=\u00bboff\u00bb button_two_border_radius__hover_enabled=\u00bboff\u00bb button_letter_spacing__hover_enabled=\u00bboff\u00bb button_one_letter_spacing__hover_enabled=\u00bboff\u00bb button_two_letter_spacing__hover_enabled=\u00bboff\u00bb button_bg_color__hover_enabled=\u00bboff\u00bb button_one_bg_color__hover_enabled=\u00bboff\u00bb button_two_bg_color__hover_enabled=\u00bboff\u00bb theme_builder_area=\u00bbpost_content\u00bb][\/et_pb_contact_field][\/et_pb_contact_form][\/et_pb_column][\/et_pb_row][\/et_pb_section]<\/p>","protected":false},"excerpt":{"rendered":"<p>SOLUCIONES DE DATA ANALYTICS Y SIMULACI\u00d3NSoftware HaulSight El HaulSight es una herramienta computacional dise\u00f1ada para analizar y validar par\u00e1metros operacionales en el transporte de equipos mineros. Su prop\u00f3sito es analizar el comportamiento de las velocidades y detectar ineficiencias que se pueda corregir en el corto y mediano plazo, as\u00ed como identificar sectores con dise\u00f1os o [&hellip;]<\/p>","protected":false},"author":1,"featured_media":0,"parent":0,"menu_order":0,"comment_status":"closed","ping_status":"closed","template":"","meta":{"_et_pb_use_builder":"on","_et_pb_old_content":"","_et_gb_content_width":"","footnotes":""},"class_list":["post-4155","page","type-page","status-publish","hentry"],"_links":{"self":[{"href":"https:\/\/imss-consultores.com\/en\/wp-json\/wp\/v2\/pages\/4155","targetHints":{"allow":["GET"]}}],"collection":[{"href":"https:\/\/imss-consultores.com\/en\/wp-json\/wp\/v2\/pages"}],"about":[{"href":"https:\/\/imss-consultores.com\/en\/wp-json\/wp\/v2\/types\/page"}],"author":[{"embeddable":true,"href":"https:\/\/imss-consultores.com\/en\/wp-json\/wp\/v2\/users\/1"}],"replies":[{"embeddable":true,"href":"https:\/\/imss-consultores.com\/en\/wp-json\/wp\/v2\/comments?post=4155"}],"version-history":[{"count":6,"href":"https:\/\/imss-consultores.com\/en\/wp-json\/wp\/v2\/pages\/4155\/revisions"}],"predecessor-version":[{"id":4167,"href":"https:\/\/imss-consultores.com\/en\/wp-json\/wp\/v2\/pages\/4155\/revisions\/4167"}],"wp:attachment":[{"href":"https:\/\/imss-consultores.com\/en\/wp-json\/wp\/v2\/media?parent=4155"}],"curies":[{"name":"wp","href":"https:\/\/api.w.org\/{rel}","templated":true}]}}